{"id":2410,"date":"2020-06-02T01:12:14","date_gmt":"2020-06-02T01:12:14","guid":{"rendered":"http:\/\/wl1www392.webland.ch\/wordpress\/wiwanni\/contact\/"},"modified":"2024-03-13T19:04:16","modified_gmt":"2024-03-13T17:04:16","slug":"contact","status":"publish","type":"page","link":"https:\/\/www.wiwanni.ch\/fr\/contact\/","title":{"rendered":"R\u00e9ser\u00adva\u00adti\u00adon"},"content":{"rendered":"\t\t<div data-elementor-type=\"wp-page\" data-elementor-id=\"2410\" class=\"elementor elementor-2410 elementor-8\" data-elementor-post-type=\"page\">\n\t\t\t\t\t\t<section class=\"elementor-section elementor-top-section elementor-element elementor-element-300a8df8 elementor-section-boxed elementor-section-height-default elementor-section-height-default\" data-id=\"300a8df8\" data-element_type=\"section\">\n\t\t\t\t\t\t<div class=\"elementor-container elementor-column-gap-no\">\n\t\t\t\t\t<div class=\"elementor-column elementor-col-100 elementor-top-column elementor-element elementor-element-432ea87f\" data-id=\"432ea87f\" data-element_type=\"column\">\n\t\t\t<div class=\"elementor-widget-wrap elementor-element-populated\">\n\t\t\t\t\t\t<div class=\"elementor-element elementor-element-209ef551 elementor-widget elementor-widget-heading\" data-id=\"209ef551\" data-element_type=\"widget\" data-widget_type=\"heading.default\">\n\t\t\t\t<div class=\"elementor-widget-container\">\n\t\t\t\t\t<h1 class=\"elementor-heading-title elementor-size-default\">Cont\u00adact<\/h1>\t\t\t\t<\/div>\n\t\t\t\t<\/div>\n\t\t\t\t<section class=\"elementor-section elementor-inner-section elementor-element elementor-element-2d645ad8 elementor-section-boxed elementor-section-height-default elementor-section-height-default\" data-id=\"2d645ad8\" data-element_type=\"section\" data-settings=\"{&quot;background_background&quot;:&quot;classic&quot;}\">\n\t\t\t\t\t\t<div class=\"elementor-container elementor-column-gap-no\">\n\t\t\t\t\t<div class=\"elementor-column elementor-col-50 elementor-inner-column elementor-element elementor-element-4e9b3928\" data-id=\"4e9b3928\" data-element_type=\"column\">\n\t\t\t<div class=\"elementor-widget-wrap elementor-element-populated\">\n\t\t\t\t\t\t<div class=\"elementor-element elementor-element-26ccf47 elementor-widget elementor-widget-text-editor\" data-id=\"26ccf47\" data-element_type=\"widget\" data-widget_type=\"text-editor.default\">\n\t\t\t\t<div class=\"elementor-widget-container\">\n\t\t\t\t\t\t\t\t\t<p>Vous pou\u00advez r\u00e9ser\u00adver une nui\u00adt\u00e9e via le for\u00admu\u00adlai\u00adre de cont\u00adact. Ou vous pou\u00advez nous appe\u00adl\u00ader<span style=\"color: #bf814b;\" data-mce-style=\"color: #bf814b;\">&nbsp;<a style=\"color: #bf814b;\" href=\"tel:+41279467478\" data-mce-href=\"tel:+41279467478\" data-mce-style=\"color: #bf814b;\"><strong>+41 (0)27 946 74&nbsp;78<\/strong><\/a><\/span><br data-mce-bogus=\"1\"><\/p>\n<p><strong>Les r\u00e9ser\u00adves sont obli\u00adga\u00adtoires. Si, pour une rai\u00adson quel\u00adcon\u00adque, vous ne pou\u00advez pas gar\u00adder la r\u00e9ser\u00adva\u00adti\u00adon, veuil\u00adlez cont\u00adac\u00adter la cabane.<\/strong><\/p>\n\t\t\t\t\t\t\t\t<\/div>\n\t\t\t\t<\/div>\n\t\t\t\t<div class=\"elementor-element elementor-element-2428de1 elementor-button-align-stretch elementor-widget elementor-widget-form\" data-id=\"2428de1\" data-element_type=\"widget\" data-settings=\"{&quot;step_next_label&quot;:&quot;N\\u00e4chster&quot;,&quot;step_previous_label&quot;:&quot;Voriger&quot;,&quot;button_width&quot;:&quot;100&quot;,&quot;step_type&quot;:&quot;number_text&quot;,&quot;step_icon_shape&quot;:&quot;circle&quot;}\" data-widget_type=\"form.default\">\n\t\t\t\t<div class=\"elementor-widget-container\">\n\t\t\t\t\t\t\t<form class=\"elementor-form\" method=\"post\" name=\"Rerservation\">\n\t\t\t<input type=\"hidden\" name=\"post_id\" value=\"2410\">\n\t\t\t<input type=\"hidden\" name=\"form_id\" value=\"2428de1\">\n\t\t\t<input type=\"hidden\" name=\"referer_title\" value>\n\n\t\t\t\n\t\t\t<div class=\"elementor-form-fields-wrapper elementor-labels-above\">\n\t\t\t\t\t\t\t\t<div class=\"elementor-field-type-text elementor-field-group elementor-column elementor-field-group-name elementor-col-100 elementor-md-100 elementor-sm-100 elementor-field-required elementor-mark-required\">\n\t\t\t\t\t\t\t\t\t\t\t\t<label for=\"form-field-name\" class=\"elementor-field-label\">\n\t\t\t\t\t\t\t\tPr\u00e9nom&nbsp;<\/label>\n\t\t\t\t\t\t\t\t\t\t\t\t\t\t<input size=\"1\" type=\"text\" name=\"form_fields[name]\" id=\"form-field-name\" class=\"elementor-field elementor-size-xs  elementor-field-textual\" required=\"required\">\n\t\t\t\t\t\t\t\t\t\t\t<\/div>\n\t\t\t\t\t\t\t\t<div class=\"elementor-field-type-text elementor-field-group elementor-column elementor-field-group-field_4ad2e90 elementor-col-100 elementor-md-100 elementor-sm-100 elementor-field-required elementor-mark-required\">\n\t\t\t\t\t\t\t\t\t\t\t\t<label for=\"form-field-field_4ad2e90\" class=\"elementor-field-label\">\n\t\t\t\t\t\t\t\tNom&nbsp;<\/label>\n\t\t\t\t\t\t\t\t\t\t\t\t\t\t<input size=\"1\" type=\"text\" name=\"form_fields[field_4ad2e90]\" id=\"form-field-field_4ad2e90\" class=\"elementor-field elementor-size-xs  elementor-field-textual\" required=\"required\">\n\t\t\t\t\t\t\t\t\t\t\t<\/div>\n\t\t\t\t\t\t\t\t<div class=\"elementor-field-type-text elementor-field-group elementor-column elementor-field-group-field_43bada0 elementor-col-100 elementor-md-100 elementor-sm-100 elementor-field-required elementor-mark-required\">\n\t\t\t\t\t\t\t\t\t\t\t\t<label for=\"form-field-field_43bada0\" class=\"elementor-field-label\">\n\t\t\t\t\t\t\t\tRue \/ Num\u00e9ro&nbsp;<\/label>\n\t\t\t\t\t\t\t\t\t\t\t\t\t\t<input size=\"1\" type=\"text\" name=\"form_fields[field_43bada0]\" id=\"form-field-field_43bada0\" class=\"elementor-field elementor-size-xs  elementor-field-textual\" required=\"required\">\n\t\t\t\t\t\t\t\t\t\t\t<\/div>\n\t\t\t\t\t\t\t\t<div class=\"elementor-field-type-text elementor-field-group elementor-column elementor-field-group-field_56798fc elementor-col-33 elementor-md-100 elementor-sm-100 elementor-field-required elementor-mark-required\">\n\t\t\t\t\t\t\t\t\t\t\t\t<label for=\"form-field-field_56798fc\" class=\"elementor-field-label\">\n\t\t\t\t\t\t\t\tCode postal&nbsp;<\/label>\n\t\t\t\t\t\t\t\t\t\t\t\t\t\t<input size=\"1\" type=\"text\" name=\"form_fields[field_56798fc]\" id=\"form-field-field_56798fc\" class=\"elementor-field elementor-size-xs  elementor-field-textual\" required=\"required\">\n\t\t\t\t\t\t\t\t\t\t\t<\/div>\n\t\t\t\t\t\t\t\t<div class=\"elementor-field-type-text elementor-field-group elementor-column elementor-field-group-field_48216b0 elementor-col-66 elementor-md-100 elementor-sm-100 elementor-field-required elementor-mark-required\">\n\t\t\t\t\t\t\t\t\t\t\t\t<label for=\"form-field-field_48216b0\" class=\"elementor-field-label\">\n\t\t\t\t\t\t\t\tPlace&nbsp;<\/label>\n\t\t\t\t\t\t\t\t\t\t\t\t\t\t<input size=\"1\" type=\"text\" name=\"form_fields[field_48216b0]\" id=\"form-field-field_48216b0\" class=\"elementor-field elementor-size-xs  elementor-field-textual\" required=\"required\">\n\t\t\t\t\t\t\t\t\t\t\t<\/div>\n\t\t\t\t\t\t\t\t<div class=\"elementor-field-type-email elementor-field-group elementor-column elementor-field-group-email elementor-col-100 elementor-md-100 elementor-sm-100 elementor-field-required elementor-mark-required\">\n\t\t\t\t\t\t\t\t\t\t\t\t<label for=\"form-field-email\" class=\"elementor-field-label\">\n\t\t\t\t\t\t\t\tE\u2011Mail\t\t\t\t\t\t\t<\/label>\n\t\t\t\t\t\t\t\t\t\t\t\t\t\t<input size=\"1\" type=\"email\" name=\"form_fields[email]\" id=\"form-field-email\" class=\"elementor-field elementor-size-xs  elementor-field-textual\" required=\"required\">\n\t\t\t\t\t\t\t\t\t\t\t<\/div>\n\t\t\t\t\t\t\t\t<div class=\"elementor-field-type-tel elementor-field-group elementor-column elementor-field-group-field_5a9f8d8 elementor-col-100 elementor-md-100 elementor-sm-100 elementor-field-required elementor-mark-required\">\n\t\t\t\t\t\t\t\t\t\t\t\t<label for=\"form-field-field_5a9f8d8\" class=\"elementor-field-label\">\n\t\t\t\t\t\t\t\tT\u00e9l\u00e9phone&nbsp;<\/label>\n\t\t\t\t\t\t\t\t<input size=\"1\" type=\"tel\" name=\"form_fields[field_5a9f8d8]\" id=\"form-field-field_5a9f8d8\" class=\"elementor-field elementor-size-xs  elementor-field-textual\" required=\"required\" pattern=\"[0-9()#&amp;+*-=.]+\" title=\"Seuls les caract\u00e8res de num\u00e9ros de t\u00e9l\u00e9phone (#, -, *, etc.) sont accept\u00e9s.\">\n\n\t\t\t\t\t\t<\/div>\n\t\t\t\t\t\t\t\t<div class=\"elementor-field-type-date elementor-field-group elementor-column elementor-field-group-field_dc70433 elementor-col-50 elementor-md-100 elementor-sm-100 elementor-field-required elementor-mark-required\">\n\t\t\t\t\t\t\t\t\t\t\t\t<label for=\"form-field-field_dc70433\" class=\"elementor-field-label\">\n\t\t\t\t\t\t\t\tDate&nbsp;du&nbsp;<\/label>\n\t\t\t\t\t\t\n\t\t<input type=\"date\" name=\"form_fields[field_dc70433]\" id=\"form-field-field_dc70433\" class=\"elementor-field elementor-size-xs  elementor-field-textual elementor-date-field\" required=\"required\" pattern=\"[0-9]{4}-[0-9]{2}-[0-9]{2}\">\n\t\t\t\t\t\t<\/div>\n\t\t\t\t\t\t\t\t<div class=\"elementor-field-type-date elementor-field-group elementor-column elementor-field-group-field_0c3dfb9 elementor-col-50 elementor-md-100 elementor-sm-100 elementor-field-required elementor-mark-required\">\n\t\t\t\t\t\t\t\t\t\t\t\t<label for=\"form-field-field_0c3dfb9\" class=\"elementor-field-label\">\n\t\t\t\t\t\t\t\t\u00e0&nbsp;<\/label>\n\t\t\t\t\t\t\n\t\t<input type=\"date\" name=\"form_fields[field_0c3dfb9]\" id=\"form-field-field_0c3dfb9\" class=\"elementor-field elementor-size-xs  elementor-field-textual elementor-date-field\" required=\"required\" pattern=\"[0-9]{4}-[0-9]{2}-[0-9]{2}\">\n\t\t\t\t\t\t<\/div>\n\t\t\t\t\t\t\t\t<div class=\"elementor-field-type-text elementor-field-group elementor-column elementor-field-group-field_1900ba6 elementor-col-100 elementor-md-100 elementor-sm-100 elementor-field-required elementor-mark-required\">\n\t\t\t\t\t\t\t\t\t\t\t\t<label for=\"form-field-field_1900ba6\" class=\"elementor-field-label\">\n\t\t\t\t\t\t\t\tnombre de personnes&nbsp;<\/label>\n\t\t\t\t\t\t\t\t\t\t\t\t\t\t<input size=\"1\" type=\"text\" name=\"form_fields[field_1900ba6]\" id=\"form-field-field_1900ba6\" class=\"elementor-field elementor-size-xs  elementor-field-textual\" required=\"required\">\n\t\t\t\t\t\t\t\t\t\t\t<\/div>\n\t\t\t\t\t\t\t\t<div class=\"elementor-field-type-checkbox elementor-field-group elementor-column elementor-field-group-field_cf2ca55 elementor-col-100 elementor-md-100 elementor-sm-100\">\n\t\t\t\t\t\t\t\t\t\t\t\t<label for=\"form-field-field_cf2ca55\" class=\"elementor-field-label\">\n\t\t\t\t\t\t\t\tAvez-vous beso\u00adin d\u2019un gui\u00adde d\u2019es\u00adcala\u00adde ? 2022, 52 pages, 15 CHF plus frais de&nbsp;port).&nbsp;<\/label>\n\t\t\t\t\t\t<div class=\"elementor-field-subgroup  elementor-subgroup-inline\"><span class=\"elementor-field-option\"><input type=\"checkbox\" value=\"oui\" id=\"form-field-field_cf2ca55-0\" name=\"form_fields[field_cf2ca55][]\"> <label for=\"form-field-field_cf2ca55-0\">oui<\/label><\/span><span class=\"elementor-field-option\"><input type=\"checkbox\" value=\"non\" id=\"form-field-field_cf2ca55-1\" name=\"form_fields[field_cf2ca55][]\"> <label for=\"form-field-field_cf2ca55-1\">non<\/label><\/span><\/div>\t\t\t\t<\/div>\n\t\t\t\t\t\t\t\t<div class=\"elementor-field-type-textarea elementor-field-group elementor-column elementor-field-group-message elementor-col-100 elementor-md-100 elementor-sm-100\">\n\t\t\t\t\t\t\t\t\t\t\t\t<label for=\"form-field-message\" class=\"elementor-field-label\">\n\t\t\t\t\t\t\t\tMessage&nbsp;<\/label>\n\t\t\t\t\t\t<textarea class=\"elementor-field-textual elementor-field  elementor-size-xs\" name=\"form_fields[message]\" id=\"form-field-message\" rows=\"4\"><\/textarea>\t\t\t\t<\/div>\n\t\t\t\t\t\t\t\t<div class=\"elementor-field-type-text\">\n\t\t\t\t\t<input size=\"1\" type=\"text\" name=\"form_fields[field_52de492]\" id=\"form-field-field_52de492\" class=\"elementor-field elementor-size-xs \" style=\"display:none !important;\">\t\t\t\t<\/div>\n\t\t\t\t\t\t\t\t<div class=\"elementor-field-group elementor-column elementor-field-type-submit elementor-col-100 e-form__buttons\">\n\t\t\t\t\t<button class=\"elementor-button elementor-size-sm\" type=\"submit\">\n\t\t\t\t\t\t<span class=\"elementor-button-content-wrapper\">\n\t\t\t\t\t\t\t\t\t\t\t\t\t\t\t<span class=\"elementor-button-icon\">\n\t\t\t\t\t\t\t\t\t<i aria-hidden=\"true\" class=\"far fa-paper-plane\"><\/i>\t\t\t\t\t\t\t\t\t\t\t\t\t\t\t\t\t<\/span>\n\t\t\t\t\t\t\t\t\t\t\t\t\t\t\t\t\t\t\t\t\t\t<span class=\"elementor-button-text\">envoyer<\/span>\n\t\t\t\t\t\t\t\t\t\t\t\t\t<\/span>\n\t\t\t\t\t<\/button>\n\t\t\t\t<\/div>\n\t\t\t<\/div>\n\t\t<\/form>\n\t\t\t\t\t\t<\/div>\n\t\t\t\t<\/div>\n\t\t\t\t\t<\/div>\n\t\t<\/div>\n\t\t\t\t<div class=\"elementor-column elementor-col-50 elementor-inner-column elementor-element elementor-element-3b126234\" data-id=\"3b126234\" data-element_type=\"column\">\n\t\t\t<div class=\"elementor-widget-wrap elementor-element-populated\">\n\t\t\t\t\t\t<div class=\"elementor-element elementor-element-acfcef4 elementor-widget elementor-widget-image\" data-id=\"acfcef4\" data-element_type=\"widget\" data-widget_type=\"image.default\">\n\t\t\t\t<div class=\"elementor-widget-container\">\n\t\t\t\t\t\t\t\t\t\t\t\t\t\t\t<img fetchpriority=\"high\" decoding=\"async\" width=\"683\" height=\"1024\" src=\"https:\/\/www.wiwanni.ch\/wp-content\/uploads\/2020\/05\/wiwannihuette-im-herbst-683x1024.jpg\" class=\"attachment-large size-large wp-image-2412\" alt=\"La cabane Wiwanni en automne\" srcset=\"https:\/\/www.wiwanni.ch\/wp-content\/uploads\/2020\/05\/wiwannihuette-im-herbst-683x1024.jpg 683w, https:\/\/www.wiwanni.ch\/wp-content\/uploads\/2020\/05\/wiwannihuette-im-herbst-300x450.jpg 300w, https:\/\/www.wiwanni.ch\/wp-content\/uploads\/2020\/05\/wiwannihuette-im-herbst-800x1200.jpg 800w, https:\/\/www.wiwanni.ch\/wp-content\/uploads\/2020\/05\/wiwannihuette-im-herbst-200x300.jpg 200w, https:\/\/www.wiwanni.ch\/wp-content\/uploads\/2020\/05\/wiwannihuette-im-herbst-768x1152.jpg 768w, https:\/\/www.wiwanni.ch\/wp-content\/uploads\/2020\/05\/wiwannihuette-im-herbst.jpg 1000w\" sizes=\"(max-width: 683px) 100vw, 683px\">\t\t\t\t\t\t\t\t\t\t\t\t\t\t\t<\/div>\n\t\t\t\t<\/div>\n\t\t\t\t<div class=\"elementor-element elementor-element-5c068e2 elementor-widget elementor-widget-text-editor\" data-id=\"5c068e2\" data-element_type=\"widget\" data-widget_type=\"text-editor.default\">\n\t\t\t\t<div class=\"elementor-widget-container\">\n\t\t\t\t\t\t\t\t\t<p>Coor\u00addon\u00adn\u00e9es de la hut\u00adte Wiwan\u00adni :<br>632 580 \/ 132 660<br>LK1288 Raron<\/p>\n<p>Les gar\u00addi\u00adens de la caba\u00adne:<br>Regu\u00adla et Egon Fel\u00adler-Oes\u00adter<br>gui\u00adde de mon\u00adtagne et moni\u00adteur de sports de nei\u00adge dipl\u00f4\u00adm\u00e9<br>Ter\u00admer\u00adweg 15<br>3900 Brig<br><a href=\"mailto:info@wiwanni.ch\" data-mce-href=\"mailto:info@wiwanni.ch\">info@wiwanni.ch<\/a><br data-mce-bogus=\"1\"><\/p>\n\t\t\t\t\t\t\t\t<\/div>\n\t\t\t\t<\/div>\n\t\t\t\t\t<\/div>\n\t\t<\/div>\n\t\t\t\t\t<\/div>\n\t\t<\/section>\n\t\t\t\t\t<\/div>\n\t\t<\/div>\n\t\t\t\t\t<\/div>\n\t\t<\/section>\n\t\t\t\t<\/div>\n\t\t","protected":false},"excerpt":{"rendered":"<p>Cont\u00adact Vous pou\u00advez r\u00e9ser\u00adver une nui\u00adt\u00e9e via le for\u00admu\u00adlai\u00adre de cont\u00adact. Ou vous pou\u00advez nous appe\u00adl\u00ader&nbsp;+41 (0)27 946 74&nbsp;78 Les r\u00e9ser\u00adves sont obli\u00adga\u00adtoires. Si, pour une rai\u00adson quel\u00adcon\u00adque, vous ne pou\u00advez pas gar\u00adder la r\u00e9ser\u00adva\u00adti\u00adon, veuil\u00adlez cont\u00adac\u00adter la caba\u00adne. Coor\u00addon\u00adn\u00e9es de la hut\u00adte Wiwan\u00adni :632 580 \/ 132 660LK1288 Raron Les gar\u00addi\u00adens de la caba\u00adne:Regu\u00adla et Egon Fel\u00ad\u00adler-Oes\u00ad\u00adter\u00adgui\u00ad\u00adde de mon\u00adtagne et moni\u00adteur de sports de nei\u00adge dipl\u00f4\u00adm\u00e9Ter\u00admer\u00adweg 153900 Briginfo@wiwanni.ch<\/p>\n","protected":false},"author":4,"featured_media":0,"parent":0,"menu_order":0,"comment_status":"closed","ping_status":"closed","template":"","meta":{"wp_typography_post_enhancements_disabled":false,"footnotes":""},"class_list":["post-2410","page","type-page","status-publish","hentry","wpbf-post"],"_links":{"self":[{"href":"https:\/\/www.wiwanni.ch\/fr\/wp-json\/wp\/v2\/pages\/2410","targetHints":{"allow":["GET"]}}],"collection":[{"href":"https:\/\/www.wiwanni.ch\/fr\/wp-json\/wp\/v2\/pages"}],"about":[{"href":"https:\/\/www.wiwanni.ch\/fr\/wp-json\/wp\/v2\/types\/page"}],"author":[{"embeddable":true,"href":"https:\/\/www.wiwanni.ch\/fr\/wp-json\/wp\/v2\/users\/4"}],"replies":[{"embeddable":true,"href":"https:\/\/www.wiwanni.ch\/fr\/wp-json\/wp\/v2\/comments?post=2410"}],"version-history":[{"count":10,"href":"https:\/\/www.wiwanni.ch\/fr\/wp-json\/wp\/v2\/pages\/2410\/revisions"}],"predecessor-version":[{"id":4608,"href":"https:\/\/www.wiwanni.ch\/fr\/wp-json\/wp\/v2\/pages\/2410\/revisions\/4608"}],"wp:attachment":[{"href":"https:\/\/www.wiwanni.ch\/fr\/wp-json\/wp\/v2\/media?parent=2410"}],"curies":[{"name":"wp","href":"https:\/\/api.w.org\/{rel}","templated":true}]}}