{"id":1772,"date":"2020-05-31T14:29:41","date_gmt":"2020-05-31T14:29:41","guid":{"rendered":"http:\/\/wl1www392.webland.ch\/wordpress\/wiwanni\/via-ferrata-du-baltschiedertal\/"},"modified":"2020-06-07T17:37:47","modified_gmt":"2020-06-07T17:37:47","slug":"via-ferrata-du-baltschiedertal","status":"publish","type":"page","link":"https:\/\/www.wiwanni.ch\/fr\/via-ferrata-du-baltschiedertal\/","title":{"rendered":"Via fer\u00adra\u00adta du Baltschiedertal"},"content":{"rendered":"\t\t<div data-elementor-type=\"wp-page\" data-elementor-id=\"1772\" class=\"elementor elementor-1772 elementor-173\" data-elementor-post-type=\"page\">\n\t\t\t\t\t\t<section class=\"elementor-section elementor-top-section elementor-element elementor-element-5c301498 elementor-section-stretched elementor-section-full_width elementor-section-content-top elementor-section-height-default elementor-section-height-default\" data-id=\"5c301498\" data-element_type=\"section\" data-settings=\"{&quot;stretch_section&quot;:&quot;section-stretched&quot;,&quot;shape_divider_bottom&quot;:&quot;pyramids&quot;,&quot;shape_divider_bottom_negative&quot;:&quot;yes&quot;}\">\n\t\t\t\t\t<div class=\"elementor-shape elementor-shape-bottom\" aria-hidden=\"true\" data-negative=\"true\">\n\t\t\t<svg viewBox=\"0 0 1000 100\" preserveAspectRatio=\"none\">\n\t<path class=\"elementor-shape-fill\" d=\"M761.9,40.6L643.1,24L333.9,93.8L0.1,1H0v99h1000V1\" \/>\n<\/svg>\t\t<\/div>\n\t\t\t\t\t<div class=\"elementor-container elementor-column-gap-default\">\n\t\t\t\t\t<div class=\"elementor-column elementor-col-100 elementor-top-column elementor-element elementor-element-73eb6eb\" data-id=\"73eb6eb\" data-element_type=\"column\">\n\t\t\t<div class=\"elementor-widget-wrap elementor-element-populated\">\n\t\t\t\t\t\t<div class=\"elementor-element elementor-element-3ba87790 elementor-widget elementor-widget-image\" data-id=\"3ba87790\" data-element_type=\"widget\" data-widget_type=\"image.default\">\n\t\t\t\t<div class=\"elementor-widget-container\">\n\t\t\t\t\t\t\t\t\t\t\t\t\t\t\t<img fetchpriority=\"high\" decoding=\"async\" width=\"1920\" height=\"700\" src=\"https:\/\/www.wiwanni.ch\/wp-content\/uploads\/2020\/05\/klettersteig-baltschiedertal-wiwanni-large.jpg\" class=\"attachment-full size-full wp-image-1778\" alt=\"Escalade dans la via ferrata du Baltschiedertal\" srcset=\"https:\/\/www.wiwanni.ch\/wp-content\/uploads\/2020\/05\/klettersteig-baltschiedertal-wiwanni-large.jpg 1920w, https:\/\/www.wiwanni.ch\/wp-content\/uploads\/2020\/05\/klettersteig-baltschiedertal-wiwanni-large-300x109.jpg 300w, https:\/\/www.wiwanni.ch\/wp-content\/uploads\/2020\/05\/klettersteig-baltschiedertal-wiwanni-large-800x292.jpg 800w, https:\/\/www.wiwanni.ch\/wp-content\/uploads\/2020\/05\/klettersteig-baltschiedertal-wiwanni-large-1024x373.jpg 1024w, https:\/\/www.wiwanni.ch\/wp-content\/uploads\/2020\/05\/klettersteig-baltschiedertal-wiwanni-large-768x280.jpg 768w, https:\/\/www.wiwanni.ch\/wp-content\/uploads\/2020\/05\/klettersteig-baltschiedertal-wiwanni-large-1536x560.jpg 1536w\" sizes=\"(max-width: 1920px) 100vw, 1920px\">\t\t\t\t\t\t\t\t\t\t\t\t\t\t\t<\/div>\n\t\t\t\t<\/div>\n\t\t\t\t\t<\/div>\n\t\t<\/div>\n\t\t\t\t\t<\/div>\n\t\t<\/section>\n\t\t\t\t<section class=\"elementor-section elementor-top-section elementor-element elementor-element-287e9387 elementor-section-boxed elementor-section-height-default elementor-section-height-default\" data-id=\"287e9387\" data-element_type=\"section\">\n\t\t\t\t\t\t<div class=\"elementor-container elementor-column-gap-default\">\n\t\t\t\t\t<div class=\"elementor-column elementor-col-100 elementor-top-column elementor-element elementor-element-61a2cde1\" data-id=\"61a2cde1\" data-element_type=\"column\">\n\t\t\t<div class=\"elementor-widget-wrap elementor-element-populated\">\n\t\t\t\t\t\t<div class=\"elementor-element elementor-element-760505d9 elementor-widget elementor-widget-heading\" data-id=\"760505d9\" data-element_type=\"widget\" data-widget_type=\"heading.default\">\n\t\t\t\t<div class=\"elementor-widget-container\">\n\t\t\t\t\t<h1 class=\"elementor-heading-title elementor-size-default\">Via fer\u00adra\u00adta du Baltschiedertal<\/h1>\t\t\t\t<\/div>\n\t\t\t\t<\/div>\n\t\t\t\t<section class=\"elementor-section elementor-inner-section elementor-element elementor-element-3f081283 elementor-section-boxed elementor-section-height-default elementor-section-height-default\" data-id=\"3f081283\" data-element_type=\"section\" data-settings=\"{&quot;background_background&quot;:&quot;classic&quot;}\">\n\t\t\t\t\t\t<div class=\"elementor-container elementor-column-gap-no\">\n\t\t\t\t\t<div class=\"elementor-column elementor-col-50 elementor-inner-column elementor-element elementor-element-7b99a1d0\" data-id=\"7b99a1d0\" data-element_type=\"column\">\n\t\t\t<div class=\"elementor-widget-wrap elementor-element-populated\">\n\t\t\t\t\t\t<div class=\"elementor-element elementor-element-366674df elementor-widget elementor-widget-text-editor\" data-id=\"366674df\" data-element_type=\"widget\" data-widget_type=\"text-editor.default\">\n\t\t\t\t<div class=\"elementor-widget-container\">\n\t\t\t\t\t\t\t\t\t<p>Un tr\u00e8s bel itin\u00ad\u00e9\u00adrai\u00adre qui peut fai\u00adre office de mon\u00adt\u00e9e \u00e0 la caba\u00adne, mais aus\u00adsi long qu\u2019aventureux. Cet\u00adte ligne auda\u00adcieu\u00adse est d\u00e9con\u00adseil\u00adl\u00e9e aux per\u00adson\u00adnes qui cher\u00adchent jus\u00adte une peti\u00adte dose d\u2019adr\u00e9naline ou une via fer\u00adra\u00adta faci\u00adle. Nous vous d\u00e9con\u00adseil\u00adlons vive\u00adment d\u2019entreprendre cet\u00adte ascen\u00adsi\u00adon si vous n\u2019\u00eates pas phy\u00adsi\u00adquement en tr\u00e8s bon\u00adne for\u00adme. Cet\u00adte voie est pres\u00adque aus\u00adsi exi\u00adge\u00adan\u00adte phy\u00adsi\u00adquement que l\u2019ascension du Cer\u00advin, et peut d\u2019ailleurs \u00eatre r\u00e9a\u00adli\u00ads\u00e9e afin de par\u00adfai\u00adre sa for\u00adme pour l\u2019ascension de ce der\u00adnier. Com\u00adme il s\u2019agit de 1550 m de d\u00e9ni\u00advel\u00e9 ent\u00adre la gare d\u2019Ausserberg et la caba\u00adne Wiwan\u00adni, la via fer\u00adra\u00adta est r\u00e9ser\u00adv\u00e9e aux per\u00adson\u00adnes ayant une bon\u00adne exp\u00e9\u00adri\u00adence alpi\u00adne et \u00e9tant en tr\u00e8s bon\u00adne for\u00adme physique.<\/p>\n\t\t\t\t\t\t\t\t<\/div>\n\t\t\t\t<\/div>\n\t\t\t\t<div class=\"elementor-element elementor-element-10fbef4b elementor-widget elementor-widget-heading\" data-id=\"10fbef4b\" data-element_type=\"widget\" data-widget_type=\"heading.default\">\n\t\t\t\t<div class=\"elementor-widget-container\">\n\t\t\t\t\t<h4 class=\"elementor-heading-title elementor-size-default\">Remar\u00adques g\u00e9n\u00e9rales&nbsp;:<\/h4>\t\t\t\t<\/div>\n\t\t\t\t<\/div>\n\t\t\t\t<div class=\"elementor-element elementor-element-152004bd elementor-widget elementor-widget-text-editor\" data-id=\"152004bd\" data-element_type=\"widget\" data-widget_type=\"text-editor.default\">\n\t\t\t\t<div class=\"elementor-widget-container\">\n\t\t\t\t\t\t\t\t\t<p>\u2022 Mat\u00e9\u00adri\u00adel fon\u00adc\u00adtion\u00adnel et en bon \u00e9tat n\u00e9cessaire<br>\n\u2022 Fai\u00adtes atten\u00adti\u00adon \u00e0 ne pas d\u00e9ran\u00adger la fau\u00adne et ne pas d\u00e9trui\u00adre la flo\u00adre (Zone de pro\u00adtec\u00adtion du paysage)<br>\n\u2022 Les cor\u00addes fixes ain\u00adsi que les ancra\u00adges peu\u00advent avoir \u00e9t\u00e9 endom\u00adma\u00adg\u00e9s par des chu\u00adtes de pier\u00adres ou par la surchar\u00adge de nei\u00adge. Vous devez \u00eatre \u00e0 m\u00eame de juger si une cor\u00adde fixe ou un ancra\u00adge est enco\u00adre en \u00e9tat ou non. Les per\u00adson\u00adnes qui par\u00adcou\u00adrent la via fer\u00adra\u00adta le font sous leur pro\u00adpre responsabilit\u00e9.<br>\nLa via fer\u00adra\u00adta est situ\u00e9e au milieu d\u2019un pay\u00adsa\u00adge sau\u00adva\u00adge et pr\u00e9\u00adser\u00adv\u00e9 com\u00adportant une gran\u00adde bio\u00addi\u00adver\u00adsi\u00adt\u00e9 : la val\u00adl\u00e9e du Balt\u00adschie\u00adder\u00adtal est un lieu pro\u00adt\u00e9\u00adg\u00e9 depuis des ann\u00e9es et est \u00e9ga\u00adle\u00adment un dis\u00adtrict franc f\u00e9d\u00e9\u00adral de chas\u00adse. Nous nous effor\u00ad\u00e7ons de fai\u00adre en sor\u00adte que cela res\u00adte ain\u00adsi et esp\u00e9\u00adrons que les alpi\u00adnis\u00adtes feront preuve du respect n\u00e9ces\u00adsaire envers ce pay\u00adsa\u00adge sauvage.<br>\n<strong>Car\u00adte natio\u00adna\u00adle :<\/strong> 1 :25 000&nbsp;Raron<br>\n<strong>Point de d\u00e9part :<\/strong> Aus\u00adser\u00adberg ou Egger\u00adberg (faci\u00adle\u00adment acces\u00adsi\u00adble en trans\u00adports publics)<br>\n<strong>Acc\u00e8s :<\/strong> aller dans le Balt\u00adschie\u00adder\u00adtal de pr\u00e9\u00adf\u00e9\u00adrence par le bis\u00adse his\u00adto\u00adri\u00adque Nir\u00adw\u00e4ch, ou depuis Egger\u00adberg par celui de Gope\u00adri. Pour\u00adsuiv\u00adre par le sen\u00adtier jusqu\u2019\u00e0 envi\u00adron 1 km de Inne\u00adrem Senn\u00adtum 1470 m. De l\u00e0, sui\u00adv\u00adre les mar\u00adques blanc-bleu-blanc qui mon\u00adtent sur envi\u00adron 320 m de d\u00e9ni\u00advel\u00e9 jusqu\u2019au d\u00e9part. Il se trouve envi\u00adron \u00e0 100 m \u00e0 droi\u00adte du grand couloir.<br>\n<strong>D\u00e9part :<\/strong> coor\u00addon\u00adn\u00e9es 133 100\/633 300. Alt. env. 1790 m. Marqu\u00e9.<br>\n<strong>Descrip\u00adti\u00adon de l\u2019itin\u00e9raire :<\/strong> En sui\u00advant les cor\u00addes fixes, il est impos\u00adsi\u00adble de se perd\u00adre. La pre\u00admi\u00e8\u00adre et la der\u00adni\u00e8\u00adre par\u00adtie sont les plus dif\u00adfi\u00adci\u00adles, car rai\u00addes. La par\u00adtie inter\u00adm\u00e9\u00addi\u00adai\u00adre est facile.<br>\nLa fin de la via fer\u00adra\u00adta se trouve \u00e0 la hauteur de la caba\u00adne Wiwan\u00adni \u00e0 2470 m. Au d\u00e9but de l\u2019\u00e9t\u00e9, avant mi-juil\u00adlet, la der\u00adni\u00e8\u00adre tra\u00adver\u00ads\u00e9e pour att\u00adeind\u00adre la caba\u00adne peut \u00eatre recou\u00adver\u00adte par un n\u00e9v\u00e9. Dans ce cas, il est con\u00adseil\u00adl\u00e9 de mon\u00adter envi\u00adron 50 m de d\u00e9ni\u00advel\u00e9 afin de con\u00adtour\u00adner ce dernier.<br>\n<strong>Pos\u00adsi\u00adbi\u00adli\u00adt\u00e9 de loge\u00adment :<\/strong> Infor\u00adma\u00adti\u00adon et r\u00e9ser\u00adva\u00adti\u00adon direc\u00adte\u00adment \u00e0 la caba\u00adne Wiwan\u00adni : <a href=\"tel:+41279467478\">+41 (0)27 946 74 78<\/a> ou <a href=\"mailto:info@wiwanni.ch\">info@wiwanni.ch<\/a><br>\n<strong>La p\u00e9ri\u00adode id\u00e9a\u00adle :<\/strong> En hiver ou t\u00f4t dans la sai\u00adson, il est d\u00e9con\u00adseil\u00adl\u00e9 de par\u00adcour\u00adir la via fer\u00adra\u00adta (dan\u00adger d\u2019avalanche). La p\u00e9ri\u00adode id\u00e9a\u00adle est l\u2019\u00e9t\u00e9, \u00e0 par\u00adtir de fin mai ain\u00adsi que l\u2019automne.<\/p>\n\t\t\t\t\t\t\t\t<\/div>\n\t\t\t\t<\/div>\n\t\t\t\t\t<\/div>\n\t\t<\/div>\n\t\t\t\t<div class=\"elementor-column elementor-col-50 elementor-inner-column elementor-element elementor-element-7dfaa094\" data-id=\"7dfaa094\" data-element_type=\"column\">\n\t\t\t<div class=\"elementor-widget-wrap elementor-element-populated\">\n\t\t\t\t\t\t<div class=\"elementor-element elementor-element-4c202a44 elementor-widget elementor-widget-image\" data-id=\"4c202a44\" data-element_type=\"widget\" data-widget_type=\"image.default\">\n\t\t\t\t<div class=\"elementor-widget-container\">\n\t\t\t\t\t\t\t\t\t\t\t\t\t\t\t<img decoding=\"async\" width=\"1000\" height=\"700\" src=\"https:\/\/www.wiwanni.ch\/wp-content\/uploads\/2020\/05\/im-kletterstieg-baltschiedertal-wiwanni-5.jpg\" class=\"attachment-full size-full wp-image-1787\" alt srcset=\"https:\/\/www.wiwanni.ch\/wp-content\/uploads\/2020\/05\/im-kletterstieg-baltschiedertal-wiwanni-5.jpg 1000w, https:\/\/www.wiwanni.ch\/wp-content\/uploads\/2020\/05\/im-kletterstieg-baltschiedertal-wiwanni-5-300x210.jpg 300w, https:\/\/www.wiwanni.ch\/wp-content\/uploads\/2020\/05\/im-kletterstieg-baltschiedertal-wiwanni-5-800x560.jpg 800w, https:\/\/www.wiwanni.ch\/wp-content\/uploads\/2020\/05\/im-kletterstieg-baltschiedertal-wiwanni-5-768x538.jpg 768w\" sizes=\"(max-width: 1000px) 100vw, 1000px\">\t\t\t\t\t\t\t\t\t\t\t\t\t\t\t<\/div>\n\t\t\t\t<\/div>\n\t\t\t\t<div class=\"elementor-element elementor-element-19ad3aa4 elementor-widget elementor-widget-image\" data-id=\"19ad3aa4\" data-element_type=\"widget\" data-widget_type=\"image.default\">\n\t\t\t\t<div class=\"elementor-widget-container\">\n\t\t\t\t\t\t\t\t\t\t\t\t\t\t\t<img decoding=\"async\" width=\"1000\" height=\"700\" src=\"https:\/\/www.wiwanni.ch\/wp-content\/uploads\/2020\/05\/im-kletterstieg-baltschiedertal-wiwanni-2.jpg\" class=\"attachment-full size-full wp-image-1791\" alt=\"Escalade dans la via ferrata du Baltschiedertal\" srcset=\"https:\/\/www.wiwanni.ch\/wp-content\/uploads\/2020\/05\/im-kletterstieg-baltschiedertal-wiwanni-2.jpg 1000w, https:\/\/www.wiwanni.ch\/wp-content\/uploads\/2020\/05\/im-kletterstieg-baltschiedertal-wiwanni-2-300x210.jpg 300w, https:\/\/www.wiwanni.ch\/wp-content\/uploads\/2020\/05\/im-kletterstieg-baltschiedertal-wiwanni-2-800x560.jpg 800w, https:\/\/www.wiwanni.ch\/wp-content\/uploads\/2020\/05\/im-kletterstieg-baltschiedertal-wiwanni-2-768x538.jpg 768w\" sizes=\"(max-width: 1000px) 100vw, 1000px\">\t\t\t\t\t\t\t\t\t\t\t\t\t\t\t<\/div>\n\t\t\t\t<\/div>\n\t\t\t\t<div class=\"elementor-element elementor-element-ab02c02 elementor-widget elementor-widget-image\" data-id=\"ab02c02\" data-element_type=\"widget\" data-widget_type=\"image.default\">\n\t\t\t\t<div class=\"elementor-widget-container\">\n\t\t\t\t\t\t\t\t\t\t\t\t\t\t\t<img loading=\"lazy\" decoding=\"async\" width=\"1000\" height=\"700\" src=\"https:\/\/www.wiwanni.ch\/wp-content\/uploads\/2020\/05\/im-klettersteig-baltschiedertal-wiwanni-1.jpg\" class=\"attachment-full size-full wp-image-1795\" alt srcset=\"https:\/\/www.wiwanni.ch\/wp-content\/uploads\/2020\/05\/im-klettersteig-baltschiedertal-wiwanni-1.jpg 1000w, https:\/\/www.wiwanni.ch\/wp-content\/uploads\/2020\/05\/im-klettersteig-baltschiedertal-wiwanni-1-300x210.jpg 300w, https:\/\/www.wiwanni.ch\/wp-content\/uploads\/2020\/05\/im-klettersteig-baltschiedertal-wiwanni-1-800x560.jpg 800w, https:\/\/www.wiwanni.ch\/wp-content\/uploads\/2020\/05\/im-klettersteig-baltschiedertal-wiwanni-1-768x538.jpg 768w\" sizes=\"(max-width: 1000px) 100vw, 1000px\">\t\t\t\t\t\t\t\t\t\t\t\t\t\t\t<\/div>\n\t\t\t\t<\/div>\n\t\t\t\t<div class=\"elementor-element elementor-element-10669a7 elementor-widget elementor-widget-image\" data-id=\"10669a7\" data-element_type=\"widget\" data-widget_type=\"image.default\">\n\t\t\t\t<div class=\"elementor-widget-container\">\n\t\t\t\t\t\t\t\t\t\t\t\t\t\t\t<img loading=\"lazy\" decoding=\"async\" width=\"700\" height=\"1000\" src=\"https:\/\/www.wiwanni.ch\/wp-content\/uploads\/2020\/05\/baltschiedertal-im-niwaerch1_large.jpg\" class=\"attachment-full size-full wp-image-1799\" alt srcset=\"https:\/\/www.wiwanni.ch\/wp-content\/uploads\/2020\/05\/baltschiedertal-im-niwaerch1_large.jpg 700w, https:\/\/www.wiwanni.ch\/wp-content\/uploads\/2020\/05\/baltschiedertal-im-niwaerch1_large-300x429.jpg 300w, https:\/\/www.wiwanni.ch\/wp-content\/uploads\/2020\/05\/baltschiedertal-im-niwaerch1_large-210x300.jpg 210w\" sizes=\"(max-width: 700px) 100vw, 700px\">\t\t\t\t\t\t\t\t\t\t\t\t\t\t\t<\/div>\n\t\t\t\t<\/div>\n\t\t\t\t\t<\/div>\n\t\t<\/div>\n\t\t\t\t\t<\/div>\n\t\t<\/section>\n\t\t\t\t\t<\/div>\n\t\t<\/div>\n\t\t\t\t\t<\/div>\n\t\t<\/section>\n\t\t\t\t<\/div>\n\t\t","protected":false},"excerpt":{"rendered":"<p>Via fer\u00adra\u00adta du Balt\u00adschie\u00adder\u00adtal Un tr\u00e8s bel itin\u00ad\u00e9\u00adrai\u00adre qui peut fai\u00adre office de mon\u00adt\u00e9e \u00e0 la caba\u00adne, mais aus\u00adsi long qu\u2019aventureux. Cet\u00adte ligne auda\u00adcieu\u00adse est d\u00e9con\u00adseil\u00adl\u00e9e aux per\u00adson\u00adnes qui cher\u00adchent jus\u00adte une peti\u00adte dose d\u2019adr\u00e9naline ou une via fer\u00adra\u00adta faci\u00adle. Nous vous d\u00e9con\u00adseil\u00adlons vive\u00adment d\u2019entreprendre cet\u00adte ascen\u00adsi\u00adon si vous n\u2019\u00eates pas phy\u00adsi\u00adquement en tr\u00e8s bon\u00adne for\u00adme. Cet\u00adte voie est pres\u00adque aus\u00adsi exi\u00adge\u00adan\u00adte phy\u00adsi\u00adquement que l\u2019ascension du Cer\u00advin, et peut d\u2019ailleurs \u00eatre r\u00e9a\u00adli\u00ads\u00e9e afin de par\u00adfai\u00adre sa for\u00adme pour l\u2019ascension de ce der\u00adnier. Com\u00adme il s\u2019agit de 1550 m de d\u00e9ni\u00advel\u00e9 ent\u00adre la gare d\u2019Ausserberg et la caba\u00adne Wiwan\u00adni, la&nbsp;via&nbsp;[\u2026]<\/p>\n","protected":false},"author":4,"featured_media":0,"parent":0,"menu_order":0,"comment_status":"closed","ping_status":"closed","template":"","meta":{"wp_typography_post_enhancements_disabled":false,"footnotes":""},"class_list":["post-1772","page","type-page","status-publish","hentry","wpbf-post"],"_links":{"self":[{"href":"https:\/\/www.wiwanni.ch\/fr\/wp-json\/wp\/v2\/pages\/1772","targetHints":{"allow":["GET"]}}],"collection":[{"href":"https:\/\/www.wiwanni.ch\/fr\/wp-json\/wp\/v2\/pages"}],"about":[{"href":"https:\/\/www.wiwanni.ch\/fr\/wp-json\/wp\/v2\/types\/page"}],"author":[{"embeddable":true,"href":"https:\/\/www.wiwanni.ch\/fr\/wp-json\/wp\/v2\/users\/4"}],"replies":[{"embeddable":true,"href":"https:\/\/www.wiwanni.ch\/fr\/wp-json\/wp\/v2\/comments?post=1772"}],"version-history":[{"count":2,"href":"https:\/\/www.wiwanni.ch\/fr\/wp-json\/wp\/v2\/pages\/1772\/revisions"}],"predecessor-version":[{"id":3206,"href":"https:\/\/www.wiwanni.ch\/fr\/wp-json\/wp\/v2\/pages\/1772\/revisions\/3206"}],"wp:attachment":[{"href":"https:\/\/www.wiwanni.ch\/fr\/wp-json\/wp\/v2\/media?parent=1772"}],"curies":[{"name":"wp","href":"https:\/\/api.w.org\/{rel}","templated":true}]}}