{"id":2652,"date":"2020-06-04T18:16:54","date_gmt":"2020-06-04T18:16:54","guid":{"rendered":"http:\/\/wl1www392.webland.ch\/wordpress\/wiwanni\/wiwanni-suedwestwand\/"},"modified":"2020-06-14T01:57:41","modified_gmt":"2020-06-13T23:57:41","slug":"wiwanni-suedwestwand","status":"publish","type":"page","link":"https:\/\/www.wiwanni.ch\/en\/wiwanni-suedwestwand\/","title":{"rendered":"Wiwan\u00adni S\u00fcdwestwand"},"content":{"rendered":"\t\t<div data-elementor-type=\"wp-page\" data-elementor-id=\"2652\" class=\"elementor elementor-2652 elementor-559\" data-elementor-post-type=\"page\">\n\t\t\t\t\t\t<section class=\"elementor-section elementor-top-section elementor-element elementor-element-3a1a3da2 elementor-section-boxed elementor-section-height-default elementor-section-height-default\" data-id=\"3a1a3da2\" data-element_type=\"section\" data-settings=\"{&quot;background_background&quot;:&quot;classic&quot;}\">\n\t\t\t\t\t\t<div class=\"elementor-container elementor-column-gap-no\">\n\t\t\t\t\t<div class=\"elementor-column elementor-col-50 elementor-top-column elementor-element elementor-element-68b427aa\" data-id=\"68b427aa\" data-element_type=\"column\" data-settings=\"{&quot;background_background&quot;:&quot;classic&quot;}\">\n\t\t\t<div class=\"elementor-widget-wrap elementor-element-populated\">\n\t\t\t\t\t\t<div class=\"elementor-element elementor-element-ce4b049 elementor-widget elementor-widget-image\" data-id=\"ce4b049\" data-element_type=\"widget\" data-widget_type=\"image.default\">\n\t\t\t\t<div class=\"elementor-widget-container\">\n\t\t\t\t\t\t\t\t\t\t\t\t\t\t\t\t<a href=\"https:\/\/www.wiwanni.ch\/wp-content\/uploads\/2020\/05\/8-wiwannihorn-suedwestwand-1000px.jpg\" data-elementor-open-lightbox=\"yes\" data-elementor-lightbox-title=\"Wiwanni S\u00fcdwestwand\" data-e-action-hash=\"#elementor-action%3Aaction%3Dlightbox%26settings%3DeyJpZCI6MjY1NCwidXJsIjoiaHR0cHM6XC9cL3d3dy53aXdhbm5pLmNoXC93cC1jb250ZW50XC91cGxvYWRzXC8yMDIwXC8wNVwvOC13aXdhbm5paG9ybi1zdWVkd2VzdHdhbmQtMTAwMHB4LmpwZyJ9\">\n\t\t\t\t\t\t\t<img fetchpriority=\"high\" decoding=\"async\" width=\"1000\" height=\"705\" src=\"https:\/\/www.wiwanni.ch\/wp-content\/uploads\/2020\/05\/8-wiwannihorn-suedwestwand-1000px.jpg\" class=\"attachment-large size-large wp-image-2654\" alt=\"Wiwanni S\u00fcdwestwand\" srcset=\"https:\/\/www.wiwanni.ch\/wp-content\/uploads\/2020\/05\/8-wiwannihorn-suedwestwand-1000px.jpg 1000w, https:\/\/www.wiwanni.ch\/wp-content\/uploads\/2020\/05\/8-wiwannihorn-suedwestwand-1000px-300x212.jpg 300w, https:\/\/www.wiwanni.ch\/wp-content\/uploads\/2020\/05\/8-wiwannihorn-suedwestwand-1000px-800x564.jpg 800w, https:\/\/www.wiwanni.ch\/wp-content\/uploads\/2020\/05\/8-wiwannihorn-suedwestwand-1000px-768x541.jpg 768w\" sizes=\"(max-width: 1000px) 100vw, 1000px\">\t\t\t\t\t\t\t\t<\/a>\n\t\t\t\t\t\t\t\t\t\t\t\t\t\t\t<\/div>\n\t\t\t\t<\/div>\n\t\t\t\t<div class=\"elementor-element elementor-element-50a76054 elementor-widget elementor-widget-heading\" data-id=\"50a76054\" data-element_type=\"widget\" data-widget_type=\"heading.default\">\n\t\t\t\t<div class=\"elementor-widget-container\">\n\t\t\t\t\t<h4 class=\"elementor-heading-title elementor-size-default\">Wiwan\u00adni S\u00fcdwestwand<\/h4>\t\t\t\t<\/div>\n\t\t\t\t<\/div>\n\t\t\t\t<div class=\"elementor-element elementor-element-25e8c55 elementor-widget elementor-widget-wpml-language-switcher\" data-id=\"25e8c55\" data-element_type=\"widget\" data-widget_type=\"wpml-language-switcher.default\">\n\t\t\t\t<div class=\"elementor-widget-container\">\n\t\t\t\t\t<div class=\"wpml-elementor-ls\"><p class=\"wpml-ls-statics-post_translations wpml-ls\">This post is also available in: \n    <span class=\"wpml-ls-slot-post_translations wpml-ls-item wpml-ls-item-de wpml-ls-first-item wpml-ls-item-legacy-post-translations\"><a href=\"https:\/\/www.wiwanni.ch\/\" class=\"wpml-ls-link\"><span class=\"wpml-ls-native\" lang=\"de\">Deutsch<\/span><\/a><\/span>    <span class=\"wpml-ls-slot-post_translations wpml-ls-item wpml-ls-item-fr wpml-ls-item-legacy-post-translations\"><a href=\"https:\/\/www.wiwanni.ch\/fr\/\" class=\"wpml-ls-link\"><span class=\"wpml-ls-native\" lang=\"fr\">Fran\u00ad\u00e7ais<\/span><\/a><\/span>    <span class=\"wpml-ls-slot-post_translations wpml-ls-item wpml-ls-item-it wpml-ls-last-item wpml-ls-item-legacy-post-translations\"><a href=\"https:\/\/www.wiwanni.ch\/it\/\" class=\"wpml-ls-link\"><span class=\"wpml-ls-native\" lang=\"it\">Ita\u00adlia\u00adno<\/span><\/a><\/span><\/p><\/div>\t\t\t\t<\/div>\n\t\t\t\t<\/div>\n\t\t\t\t<div class=\"elementor-element elementor-element-4991eb08 elementor-widget elementor-widget-text-editor\" data-id=\"4991eb08\" data-element_type=\"widget\" data-widget_type=\"text-editor.default\">\n\t\t\t\t<div class=\"elementor-widget-container\">\n\t\t\t\t\t\t\t\t\t<p><strong>A \/ Nor\u00admal ascent or des\u00adcent via the west ridge, 2&nbsp; \u2013 3<\/strong><br>\nEasy clim\u00adbing in alpi\u00adne ter\u00adrain. To secu\u00adre natu\u00adral tools like twi\u00adning your rope around rocks can be used. For the dif\u00adfi\u00adcult parts, the\u00adre are secu\u00adri\u00adty bolts. The west ridge is also often used to des\u00adcent from the Wiwan\u00adni sum\u00admit. For the rap\u00adpel, you need 2 x 20 meters from the west&nbsp;ridge.<br>\nEquip\u00adment: 50 meters rope to rappel<\/p>\n<p><strong>L \/ Nor\u00admal rou\u00adte Tritt\u00adji, 2b \u2013 3 (part\u00adly grassy)<\/strong><br>\n<em>Edmund von Fel\u00adlen\u00adberg and hunt\u00ads\u00adman Johann Schmid 1885<\/em><br>\nEasy varied clim\u00adbing. Access on the left of the water\u00adfall. Also often used as a des\u00adcent rou\u00adte, but is not set up to rap\u00adpel. It\u2019s recom\u00admen\u00added to des\u00adcent by clim\u00adbing down. The\u00adre are various secu\u00adri\u00adty bolts atta\u00adched. Fol\u00adlow the blue marks. The ent\u00adrance is on the left side of the water\u00adfall, at a strikin\u00adgly beau\u00adtiful white quart\u00adzi\u00adte&nbsp;block.<\/p>\n\t\t\t\t\t\t\t\t<\/div>\n\t\t\t\t<\/div>\n\t\t\t\t<div class=\"elementor-element elementor-element-aba94cb elementor-widget-divider--view-line elementor-widget elementor-widget-divider\" data-id=\"aba94cb\" data-element_type=\"widget\" data-widget_type=\"divider.default\">\n\t\t\t\t<div class=\"elementor-widget-container\">\n\t\t\t\t\t\t\t<div class=\"elementor-divider\">\n\t\t\t<span class=\"elementor-divider-separator\">\n\t\t\t\t\t\t<\/span>\n\t\t<\/div>\n\t\t\t\t\t\t<\/div>\n\t\t\t\t<\/div>\n\t\t\t\t<div class=\"elementor-element elementor-element-a695fa5 elementor-widget elementor-widget-text-editor\" data-id=\"a695fa5\" data-element_type=\"widget\" data-widget_type=\"text-editor.default\">\n\t\t\t\t<div class=\"elementor-widget-container\">\n\t\t\t\t\t\t\t\t\t<p><span style=\"color: #000000;\"><strong>B \/ Rata\u00adtui&nbsp;5a<\/strong><\/span><br>\n<span style=\"color: #000000;\"><em>Dani\u00adel and Hans-Chris\u00adti\u00adan Leig\u00adge\u00adner&nbsp;1993<\/em><\/span><br>\n<span style=\"color: #000000;\">Beau\u00adtiful well-secu\u00adred slab clim\u00adbing on very good&nbsp;rock.<\/span><br>\n<span style=\"color: #000000;\">Des\u00adcent: Can be used as a rap\u00adpel\u00adling slo\u00adpe from the west ridge 2 x 20&nbsp;m.<\/span><br>\n<span style=\"color: #000000;\">Equip\u00adment: 7 quick-draws, 50 meters rope<\/span><\/p>\n<p><span style=\"color: #000000;\"><strong>C \/ Uber du Buck&nbsp;4c<\/strong><\/span><br>\n<span style=\"color: #000000;\"><em>Rena\u00adte and Roland Ker\u00adnen&nbsp;2017<\/em><\/span><br>\n<span style=\"color: #000000;\">Beau\u00adtiful varied clim\u00adbing on very good&nbsp;rock.<\/span><br>\n<span style=\"color: #000000;\">Des\u00adcent: Pos\u00adsi\u00adbi\u00adli\u00adty to rap\u00adpel. Be careful when rap\u00adpel\u00adling, One rope length is 30 meters long!<\/span><br>\n<span style=\"color: #000000;\">Equip\u00adment: 8 quick-draws, 60 m&nbsp;rope<\/span><\/p>\n<p><span style=\"color: #000000;\"><strong>D \/ In du Hick&nbsp;4c<\/strong><\/span><br>\n<span style=\"color: #000000;\"><em>Egon Fel\u00adler&nbsp;2013<\/em><\/span><br>\n<span style=\"color: #000000;\">Beau\u00adtiful varied clim\u00adbing on the best&nbsp;rock.<\/span><br>\n<span style=\"color: #000000;\">Des\u00adcent: Pos\u00adsi\u00adbi\u00adli\u00adty to rappel<\/span><br>\n<span style=\"color: #000000;\">Equip\u00adment: 8 quick-draws, 50 m&nbsp;rope<\/span><\/p>\n<p><span style=\"color: #000000;\"><strong>E \/ Im Chlack 4b<\/strong><\/span><br>\n<span style=\"color: #000000;\"><em>Egon Fel\u00adler&nbsp;2013<\/em><\/span><br>\n<span style=\"color: #000000;\">Beau\u00adtiful varied clim\u00adbing on the best&nbsp;rock.<\/span><br>\n<span style=\"color: #000000;\">Des\u00adcent: Pos\u00adsi\u00adbi\u00adli\u00adty to rappel<\/span><br>\n<span style=\"color: #000000;\">Equip\u00adment: 8 quick-draws, 50 m&nbsp;rope<\/span><\/p>\n<p><span style=\"color: #000000;\"><strong>F \/ Ana\u00adharr 5c (5b mandatory)<\/strong><\/span><br>\n<span style=\"color: #000000;\"><em>Egon Fel\u00adler&nbsp;2013<\/em><\/span><br>\n<span style=\"color: #000000;\">Beau\u00adtiful varied climbing.<\/span><br>\n<span style=\"color: #000000;\">Des\u00adcent: Pos\u00adsi\u00adbi\u00adli\u00adty to rap\u00adpel or des\u00adcent via the west&nbsp;ridge<\/span><br>\n<span style=\"color: #000000;\">Equip\u00adment: 8 quick-draws, 50 m&nbsp;rope<\/span><\/p>\n<p><span style=\"color: #000000;\"><strong>G \/ Papil\u00adlon 5b (4b mandatory)<\/strong><\/span><br>\n<span style=\"color: #000000;\"><em>Rebec\u00adca Bisig, Fran\u00adzis\u00adka and Egon Fel\u00adler&nbsp;2004<\/em><\/span><br>\n<span style=\"color: #000000;\">Beau\u00adtiful varied clim\u00adbing. Popu\u00adlar rou\u00adte. The crux 5b can be bypas\u00adsed on the&nbsp;left.<\/span><br>\n<span style=\"color: #000000;\">Equip\u00adment: 8 quick-draws, 50 m&nbsp;rope<\/span><\/p>\n<p><span style=\"color: #000000;\"><strong>H \/ Gem\u00ads\u00adtritt&nbsp;4c+<\/strong><\/span><br>\n<span style=\"color: #000000;\"><em>Eli\u00adsa\u00adbeth Mein\u00adherz, Egon Fel\u00adler 1994. Rebol\u00adtet in 2015 by Rena\u00adte and Roland Ker\u00adnen, Egon Feller.<\/em><\/span><br>\n<span style=\"color: #000000;\">Very nice, varied clim\u00adbing in good rock. Very popular.<\/span><br>\n<span style=\"color: #000000;\">Des\u00adcent: Over the west ridge. Rap\u00adpel\u00adling over the rou\u00adte is not recommended.<br>\nEquip\u00adment: 8 quick-draws, 50 m&nbsp;rope<br>\n<\/span><\/p>\n<p><span style=\"color: #000000;\"><strong>J \/ Gen\u00adepi 6a (5c A0 mandatory)<\/strong><\/span><br>\n<span style=\"color: #000000;\"><em>Andre\u00adas von K\u00e4nel, Egon Fel\u00adler&nbsp;2000<\/em><\/span><br>\n<span style=\"color: #000000;\">Varied clim\u00adbing in most\u00adly good rock. Very expo\u00adsed last&nbsp;part.<\/span><br>\n<span style=\"color: #000000;\">Des\u00adcent: Rap\u00adpe\u00adling ist pos\u00adsi\u00adble. Bet\u00adter clim\u00adbing down the nor\u00admal rou\u00adte Trittji.<\/span><br>\n<span style=\"color: #000000;\">Equip\u00adment: 7 quick-draws, 50 m&nbsp;rope<\/span><\/p>\n<p><span style=\"color: #000000;\"><strong>K \/ Edel\u00adweiss 6a+ (5c+ A0 mandatory)<\/strong><\/span><br>\n<span style=\"color: #000000;\"><em>Hans\u00adwal\u00adter Hir\u00adzel, Egon Fel\u00adler&nbsp;1988<\/em><\/span><br>\n<span style=\"color: #000000;\">Varied clim\u00adbing in pret\u00adty good rock. The last pitch meets Rou\u00adte Genepi.<\/span><br>\n<span style=\"color: #000000;\">Des\u00adcent: Rap\u00adpel is pos\u00adsi\u00adble on the Rou\u00adte Gen\u00adepi, or bet\u00adter clim\u00adbing down the nor\u00admal rou\u00adte Trittji.<\/span><br>\n<span style=\"color: #000000;\">Equip\u00adment: 7 quick-draws, 50 m&nbsp;rope<\/span><\/p>\n<p><span style=\"color: #000000;\"><strong>M \/ Wol\u00adper\u00addin\u00adger-Weg 6a+ (5b mandatory)<\/strong><\/span><br>\n<span style=\"color: #000000;\"><em>Edi Bru\u00adchez, Egon Fel\u00adler&nbsp;2010<\/em><\/span><br>\n<span style=\"color: #000000;\">Right at the ent\u00adrance to the nor\u00admal rou\u00adte, it goes direct\u00adly&nbsp;up.<\/span><br>\n<span style=\"color: #000000;\">Des\u00adcent: Rap\u00adpel is not recom\u00admen\u00added. Clim\u00adbing down the nor\u00admal rou\u00adte Trittji.<br>\nEquip\u00adment: 10 quick-draws, 50 m&nbsp;rope<br>\n<\/span><\/p>\n<p><span style=\"color: #000000;\"><em>Topo from the clim\u00adbing gui\u00adde Wiwan\u00adni&nbsp;2020<\/em><\/span><\/p>\n\t\t\t\t\t\t\t\t<\/div>\n\t\t\t\t<\/div>\n\t\t\t\t\t<\/div>\n\t\t<\/div>\n\t\t\t\t<div class=\"elementor-column elementor-col-50 elementor-top-column elementor-element elementor-element-811b5f4\" data-id=\"811b5f4\" data-element_type=\"column\" data-settings=\"{&quot;background_background&quot;:&quot;classic&quot;}\">\n\t\t\t<div class=\"elementor-widget-wrap elementor-element-populated\">\n\t\t\t\t\t\t<div class=\"elementor-element elementor-element-6d12ae05 elementor-align-left elementor-widget elementor-widget-button\" data-id=\"6d12ae05\" data-element_type=\"widget\" data-widget_type=\"button.default\">\n\t\t\t\t<div class=\"elementor-widget-container\">\n\t\t\t\t\t\t\t\t\t<div class=\"elementor-button-wrapper\">\n\t\t\t\t\t<a class=\"elementor-button elementor-button-link elementor-size-sm\" href=\"https:\/\/www.wiwanni.ch\/en\/climbing-areas\/\">\n\t\t\t\t\t\t<span class=\"elementor-button-content-wrapper\">\n\t\t\t\t\t\t<span class=\"elementor-button-icon\">\n\t\t\t\t<i aria-hidden=\"true\" class=\"fas fa-arrow-left\"><\/i>\t\t\t<\/span>\n\t\t\t\t\t\t\t\t\t<span class=\"elementor-button-text\">over\u00adview<\/span>\n\t\t\t\t\t<\/span>\n\t\t\t\t\t<\/a>\n\t\t\t\t<\/div>\n\t\t\t\t\t\t\t\t<\/div>\n\t\t\t\t<\/div>\n\t\t\t\t<div class=\"elementor-element elementor-element-6c7a8fad elementor-widget elementor-widget-heading\" data-id=\"6c7a8fad\" data-element_type=\"widget\" data-widget_type=\"heading.default\">\n\t\t\t\t<div class=\"elementor-widget-container\">\n\t\t\t\t\t<h4 class=\"elementor-heading-title elementor-size-default\">Sec\u00adtors<\/h4>\t\t\t\t<\/div>\n\t\t\t\t<\/div>\n\t\t\t\t<div class=\"elementor-element elementor-element-9dca9c2 elementor-nav-menu__align-start elementor-nav-menu--dropdown-none elementor-widget elementor-widget-nav-menu\" data-id=\"9dca9c2\" data-element_type=\"widget\" data-settings=\"{&quot;layout&quot;:&quot;vertical&quot;,&quot;submenu_icon&quot;:{&quot;value&quot;:&quot;<i class=\\&quot;\\&quot;><\\\/i>&quot;,&quot;library&quot;:&quot;&quot;}}\" data-widget_type=\"nav-menu.default\">\n\t\t\t\t<div class=\"elementor-widget-container\">\n\t\t\t\t\t\t\t\t<nav aria-label=\"Menu\" class=\"elementor-nav-menu--main elementor-nav-menu__container elementor-nav-menu--layout-vertical e--pointer-background e--animation-fade\">\n\t\t\t\t<ul id=\"menu-1-9dca9c2\" class=\"elementor-nav-menu sm-vertical\"><li class=\"menu-item menu-item-type-post_type menu-item-object-page menu-item-2151\"><a href=\"https:\/\/www.wiwanni.ch\/en\/huettensektor-unterbaerg\/\" class=\"elementor-item\">1 H\u00fct\u00adten\u00adsek\u00adtor Unterb\u00e4rg<\/a><\/li>\n<li class=\"menu-item menu-item-type-post_type menu-item-object-page menu-item-2187\"><a href=\"https:\/\/www.wiwanni.ch\/en\/unterer-klettergarten\/\" class=\"elementor-item\">2 Unte\u00adrer Klettergarten<\/a><\/li>\n<li class=\"menu-item menu-item-type-post_type menu-item-object-page menu-item-2218\"><a href=\"https:\/\/www.wiwanni.ch\/en\/oberer-klettergarten\/\" class=\"elementor-item\">3 Obe\u00adrer Klettergarten<\/a><\/li>\n<li class=\"menu-item menu-item-type-post_type menu-item-object-page menu-item-2240\"><a href=\"https:\/\/www.wiwanni.ch\/en\/klettergarten-wandfuss\/\" class=\"elementor-item\">4 Klet\u00adter\u00adgar\u00adten Wandfuss<\/a><\/li>\n<li class=\"menu-item menu-item-type-post_type menu-item-object-page menu-item-2265\"><a href=\"https:\/\/www.wiwanni.ch\/en\/schepfipfiler\/\" class=\"elementor-item\">5 Sche\u00adp\u00adfip\u00adfi\u00adler<\/a><\/li>\n<li class=\"menu-item menu-item-type-post_type menu-item-object-page menu-item-2283\"><a href=\"https:\/\/www.wiwanni.ch\/en\/klein-augstkummenhorn\/\" class=\"elementor-item\">6 Klein Augstkummenhorn<\/a><\/li>\n<li class=\"menu-item menu-item-type-post_type menu-item-object-page menu-item-2321\"><a href=\"https:\/\/www.wiwanni.ch\/en\/gross-augstkummenhorn\/\" class=\"elementor-item\">7 Gross Augstkummenhorn<\/a><\/li>\n<li class=\"menu-item menu-item-type-post_type menu-item-object-page menu-item-2683\"><a href=\"https:\/\/www.wiwanni.ch\/en\/wiwanni-suedwestwand\/\" class=\"elementor-item\">8 Wiwan\u00adni S\u00fcdwestwand<\/a><\/li>\n<li class=\"menu-item menu-item-type-post_type menu-item-object-page menu-item-2712\"><a href=\"https:\/\/www.wiwanni.ch\/en\/wiwanni-suedwand\/\" class=\"elementor-item\">9 Wiwan\u00adni S\u00fcdwand<\/a><\/li>\n<li class=\"menu-item menu-item-type-post_type menu-item-object-page menu-item-2739\"><a href=\"https:\/\/www.wiwanni.ch\/en\/wiwannihorn\/\" class=\"elementor-item\">10 Wiwan\u00adni\u00adhorn<\/a><\/li>\n<li class=\"menu-item menu-item-type-post_type menu-item-object-page menu-item-2480\"><a href=\"https:\/\/www.wiwanni.ch\/en\/ostgrat\/\" class=\"elementor-item\">11 Ost\u00adgrat<\/a><\/li>\n<li class=\"menu-item menu-item-type-post_type menu-item-object-page menu-item-2756\"><a href=\"https:\/\/www.wiwanni.ch\/en\/bru\/\" class=\"elementor-item\">12 Bru<\/a><\/li>\n<li class=\"menu-item menu-item-type-post_type menu-item-object-page menu-item-2386\"><a href=\"https:\/\/www.wiwanni.ch\/en\/chruetighorn\/\" class=\"elementor-item\">13 Chr\u00fc\u00adtig\u00adhorn<\/a><\/li>\n<li class=\"menu-item menu-item-type-post_type menu-item-object-page menu-item-2634\"><a href=\"https:\/\/www.wiwanni.ch\/en\/duebigrat\/\" class=\"elementor-item\">14 D\u00fcbi\u00adgrat<\/a><\/li>\n<li class=\"menu-item menu-item-type-post_type menu-item-object-page menu-item-2591\"><a href=\"https:\/\/www.wiwanni.ch\/en\/sattolwaeschi\/\" class=\"elementor-item\">15 Sat\u00adtol\u00adw\u00e4\u00adschi<\/a><\/li>\n<li class=\"menu-item menu-item-type-post_type menu-item-object-page menu-item-2353\"><a href=\"https:\/\/www.wiwanni.ch\/en\/bouldering-area-eggen\/\" class=\"elementor-item\">16 Bould\u00ade\u00adring area&nbsp;Eggen<\/a><\/li>\n<li class=\"menu-item menu-item-type-post_type menu-item-object-page menu-item-2567\"><a href=\"https:\/\/www.wiwanni.ch\/en\/klettergarten-wolfblatte-ausserberg\/\" class=\"elementor-item\">17 Klet\u00adter\u00adgar\u00adten Wolf\u00adblat\u00adte Ausserberg<\/a><\/li>\n<li class=\"menu-item menu-item-type-post_type menu-item-object-page menu-item-2374\"><a href=\"https:\/\/www.wiwanni.ch\/en\/chalchofo-paerueuelu\/\" class=\"elementor-item\">18 Chal\u00adcho\u00adfo \u2013 P\u00e4r\u00fc\u00fclu<\/a><\/li>\n<li class=\"menu-item menu-item-type-post_type menu-item-object-page menu-item-2825\"><a href=\"https:\/\/www.wiwanni.ch\/en\/ridge-traverses\/\" class=\"elementor-item\">Ridge tra\u00adver\u00adses<\/a><\/li>\n<li class=\"menu-item menu-item-type-post_type menu-item-object-page menu-item-3288\"><a href=\"https:\/\/www.wiwanni.ch\/en\/via-ferrata-baltschieder-valley\/\" class=\"elementor-item\">Via Fer\u00adra\u00adta Balt\u00adschie\u00adder valley<\/a><\/li>\n<\/ul>\t\t\t<\/nav>\n\t\t\t\t\t\t<nav class=\"elementor-nav-menu--dropdown elementor-nav-menu__container\" aria-hidden=\"true\">\n\t\t\t\t<ul id=\"menu-2-9dca9c2\" class=\"elementor-nav-menu sm-vertical\"><li class=\"menu-item menu-item-type-post_type menu-item-object-page menu-item-2151\"><a href=\"https:\/\/www.wiwanni.ch\/en\/huettensektor-unterbaerg\/\" class=\"elementor-item\" tabindex=\"-1\">1 H\u00fct\u00adten\u00adsek\u00adtor Unterb\u00e4rg<\/a><\/li>\n<li class=\"menu-item menu-item-type-post_type menu-item-object-page menu-item-2187\"><a href=\"https:\/\/www.wiwanni.ch\/en\/unterer-klettergarten\/\" class=\"elementor-item\" tabindex=\"-1\">2 Unte\u00adrer Klettergarten<\/a><\/li>\n<li class=\"menu-item menu-item-type-post_type menu-item-object-page menu-item-2218\"><a href=\"https:\/\/www.wiwanni.ch\/en\/oberer-klettergarten\/\" class=\"elementor-item\" tabindex=\"-1\">3 Obe\u00adrer Klettergarten<\/a><\/li>\n<li class=\"menu-item menu-item-type-post_type menu-item-object-page menu-item-2240\"><a href=\"https:\/\/www.wiwanni.ch\/en\/klettergarten-wandfuss\/\" class=\"elementor-item\" tabindex=\"-1\">4 Klet\u00adter\u00adgar\u00adten Wandfuss<\/a><\/li>\n<li class=\"menu-item menu-item-type-post_type menu-item-object-page menu-item-2265\"><a href=\"https:\/\/www.wiwanni.ch\/en\/schepfipfiler\/\" class=\"elementor-item\" tabindex=\"-1\">5 Sche\u00adp\u00adfip\u00adfi\u00adler<\/a><\/li>\n<li class=\"menu-item menu-item-type-post_type menu-item-object-page menu-item-2283\"><a href=\"https:\/\/www.wiwanni.ch\/en\/klein-augstkummenhorn\/\" class=\"elementor-item\" tabindex=\"-1\">6 Klein Augstkummenhorn<\/a><\/li>\n<li class=\"menu-item menu-item-type-post_type menu-item-object-page menu-item-2321\"><a href=\"https:\/\/www.wiwanni.ch\/en\/gross-augstkummenhorn\/\" class=\"elementor-item\" tabindex=\"-1\">7 Gross Augstkummenhorn<\/a><\/li>\n<li class=\"menu-item menu-item-type-post_type menu-item-object-page menu-item-2683\"><a href=\"https:\/\/www.wiwanni.ch\/en\/wiwanni-suedwestwand\/\" class=\"elementor-item\" tabindex=\"-1\">8 Wiwan\u00adni S\u00fcdwestwand<\/a><\/li>\n<li class=\"menu-item menu-item-type-post_type menu-item-object-page menu-item-2712\"><a href=\"https:\/\/www.wiwanni.ch\/en\/wiwanni-suedwand\/\" class=\"elementor-item\" tabindex=\"-1\">9 Wiwan\u00adni S\u00fcdwand<\/a><\/li>\n<li class=\"menu-item menu-item-type-post_type menu-item-object-page menu-item-2739\"><a href=\"https:\/\/www.wiwanni.ch\/en\/wiwannihorn\/\" class=\"elementor-item\" tabindex=\"-1\">10 Wiwan\u00adni\u00adhorn<\/a><\/li>\n<li class=\"menu-item menu-item-type-post_type menu-item-object-page menu-item-2480\"><a href=\"https:\/\/www.wiwanni.ch\/en\/ostgrat\/\" class=\"elementor-item\" tabindex=\"-1\">11 Ost\u00adgrat<\/a><\/li>\n<li class=\"menu-item menu-item-type-post_type menu-item-object-page menu-item-2756\"><a href=\"https:\/\/www.wiwanni.ch\/en\/bru\/\" class=\"elementor-item\" tabindex=\"-1\">12 Bru<\/a><\/li>\n<li class=\"menu-item menu-item-type-post_type menu-item-object-page menu-item-2386\"><a href=\"https:\/\/www.wiwanni.ch\/en\/chruetighorn\/\" class=\"elementor-item\" tabindex=\"-1\">13 Chr\u00fc\u00adtig\u00adhorn<\/a><\/li>\n<li class=\"menu-item menu-item-type-post_type menu-item-object-page menu-item-2634\"><a href=\"https:\/\/www.wiwanni.ch\/en\/duebigrat\/\" class=\"elementor-item\" tabindex=\"-1\">14 D\u00fcbi\u00adgrat<\/a><\/li>\n<li class=\"menu-item menu-item-type-post_type menu-item-object-page menu-item-2591\"><a href=\"https:\/\/www.wiwanni.ch\/en\/sattolwaeschi\/\" class=\"elementor-item\" tabindex=\"-1\">15 Sat\u00adtol\u00adw\u00e4\u00adschi<\/a><\/li>\n<li class=\"menu-item menu-item-type-post_type menu-item-object-page menu-item-2353\"><a href=\"https:\/\/www.wiwanni.ch\/en\/bouldering-area-eggen\/\" class=\"elementor-item\" tabindex=\"-1\">16 Bould\u00ade\u00adring area&nbsp;Eggen<\/a><\/li>\n<li class=\"menu-item menu-item-type-post_type menu-item-object-page menu-item-2567\"><a href=\"https:\/\/www.wiwanni.ch\/en\/klettergarten-wolfblatte-ausserberg\/\" class=\"elementor-item\" tabindex=\"-1\">17 Klet\u00adter\u00adgar\u00adten Wolf\u00adblat\u00adte Ausserberg<\/a><\/li>\n<li class=\"menu-item menu-item-type-post_type menu-item-object-page menu-item-2374\"><a href=\"https:\/\/www.wiwanni.ch\/en\/chalchofo-paerueuelu\/\" class=\"elementor-item\" tabindex=\"-1\">18 Chal\u00adcho\u00adfo \u2013 P\u00e4r\u00fc\u00fclu<\/a><\/li>\n<li class=\"menu-item menu-item-type-post_type menu-item-object-page menu-item-2825\"><a href=\"https:\/\/www.wiwanni.ch\/en\/ridge-traverses\/\" class=\"elementor-item\" tabindex=\"-1\">Ridge tra\u00adver\u00adses<\/a><\/li>\n<li class=\"menu-item menu-item-type-post_type menu-item-object-page menu-item-3288\"><a href=\"https:\/\/www.wiwanni.ch\/en\/via-ferrata-baltschieder-valley\/\" class=\"elementor-item\" tabindex=\"-1\">Via Fer\u00adra\u00adta Balt\u00adschie\u00adder valley<\/a><\/li>\n<\/ul>\t\t\t<\/nav>\n\t\t\t\t\t\t<\/div>\n\t\t\t\t<\/div>\n\t\t\t\t\t<\/div>\n\t\t<\/div>\n\t\t\t\t\t<\/div>\n\t\t<\/section>\n\t\t\t\t<\/div>\n\t\t","protected":false},"excerpt":{"rendered":"<p>Wiwan\u00adni S\u00fcd\u00adwest\u00adwand This post is also available in: Eng\u00adlish Fran\u00ad\u00e7ais Ita\u00adlia\u00adno A \/ Nor\u00admal ascent or des\u00adcent via the west ridge, 2&nbsp; \u2013 3 Easy clim\u00adbing in alpi\u00adne ter\u00adrain. To secu\u00adre natu\u00adral tools like twi\u00adning your rope around rocks can be used. For the dif\u00adfi\u00adcult parts, the\u00adre are secu\u00adri\u00adty bolts. The west ridge is also often used to des\u00adcent from the Wiwan\u00adni sum\u00admit. For the rap\u00adpel, you need 2 x 20 meters from the west&nbsp;ridge. Equip\u00adment: 50 meters rope to rap\u00adpel L \/ Nor\u00admal rou\u00adte Tritt\u00adji, 2b \u2013 3 (part\u00adly gras\u00adsy) Edmund von Fel\u00adlen\u00adberg and hunt\u00ads\u00adman Johann Schmid 1885&nbsp;Easy&nbsp;[\u2026]<\/p>\n","protected":false},"author":4,"featured_media":0,"parent":0,"menu_order":0,"comment_status":"closed","ping_status":"closed","template":"","meta":{"wp_typography_post_enhancements_disabled":false,"footnotes":""},"class_list":["post-2652","page","type-page","status-publish","hentry","wpbf-post"],"_links":{"self":[{"href":"https:\/\/www.wiwanni.ch\/en\/wp-json\/wp\/v2\/pages\/2652","targetHints":{"allow":["GET"]}}],"collection":[{"href":"https:\/\/www.wiwanni.ch\/en\/wp-json\/wp\/v2\/pages"}],"about":[{"href":"https:\/\/www.wiwanni.ch\/en\/wp-json\/wp\/v2\/types\/page"}],"author":[{"embeddable":true,"href":"https:\/\/www.wiwanni.ch\/en\/wp-json\/wp\/v2\/users\/4"}],"replies":[{"embeddable":true,"href":"https:\/\/www.wiwanni.ch\/en\/wp-json\/wp\/v2\/comments?post=2652"}],"version-history":[{"count":10,"href":"https:\/\/www.wiwanni.ch\/en\/wp-json\/wp\/v2\/pages\/2652\/revisions"}],"predecessor-version":[{"id":3793,"href":"https:\/\/www.wiwanni.ch\/en\/wp-json\/wp\/v2\/pages\/2652\/revisions\/3793"}],"wp:attachment":[{"href":"https:\/\/www.wiwanni.ch\/en\/wp-json\/wp\/v2\/media?parent=2652"}],"curies":[{"name":"wp","href":"https:\/\/api.w.org\/{rel}","templated":true}]}}