{"id":2462,"date":"2020-06-03T20:50:00","date_gmt":"2020-06-03T20:50:00","guid":{"rendered":"http:\/\/wl1www392.webland.ch\/wordpress\/wiwanni\/ostgrat\/"},"modified":"2024-03-16T19:56:21","modified_gmt":"2024-03-16T17:56:21","slug":"ostgrat","status":"publish","type":"page","link":"https:\/\/www.wiwanni.ch\/en\/ostgrat\/","title":{"rendered":"Ost\u00adgrat"},"content":{"rendered":"\t\t<div data-elementor-type=\"wp-page\" data-elementor-id=\"2462\" class=\"elementor elementor-2462 elementor-567\" data-elementor-post-type=\"page\">\n\t\t\t\t\t\t<section class=\"elementor-section elementor-top-section elementor-element elementor-element-7ee88a0b elementor-section-boxed elementor-section-height-default elementor-section-height-default\" data-id=\"7ee88a0b\" data-element_type=\"section\" data-settings=\"{&quot;background_background&quot;:&quot;classic&quot;}\">\n\t\t\t\t\t\t<div class=\"elementor-container elementor-column-gap-no\">\n\t\t\t\t\t<div class=\"elementor-column elementor-col-50 elementor-top-column elementor-element elementor-element-324825e6\" data-id=\"324825e6\" data-element_type=\"column\" data-settings=\"{&quot;background_background&quot;:&quot;classic&quot;}\">\n\t\t\t<div class=\"elementor-widget-wrap elementor-element-populated\">\n\t\t\t\t\t\t<div class=\"elementor-element elementor-element-1338385f elementor-widget elementor-widget-image\" data-id=\"1338385f\" data-element_type=\"widget\" data-widget_type=\"image.default\">\n\t\t\t\t<div class=\"elementor-widget-container\">\n\t\t\t\t\t\t\t\t\t\t\t\t\t\t\t\t<a href=\"https:\/\/www.wiwanni.ch\/wp-content\/uploads\/wiwanni-2022_ostgrat_web.jpg\" data-elementor-open-lightbox=\"yes\" data-e-action-hash=\"#elementor-action%3Aaction%3Dlightbox%26settings%3DeyJpZCI6NDg0NSwidXJsIjoiaHR0cHM6XC9cL3d3dy53aXdhbm5pLmNoXC93cC1jb250ZW50XC91cGxvYWRzXC93aXdhbm5pLTIwMjJfb3N0Z3JhdF93ZWIuanBnIn0%3D\">\n\t\t\t\t\t\t\t<img fetchpriority=\"high\" decoding=\"async\" width=\"777\" height=\"700\" src=\"https:\/\/www.wiwanni.ch\/wp-content\/uploads\/wiwanni-2022_ostgrat_web.jpg\" class=\"attachment-large size-large wp-image-4845\" alt srcset=\"https:\/\/www.wiwanni.ch\/wp-content\/uploads\/wiwanni-2022_ostgrat_web.jpg 777w, https:\/\/www.wiwanni.ch\/wp-content\/uploads\/wiwanni-2022_ostgrat_web-300x270.jpg 300w, https:\/\/www.wiwanni.ch\/wp-content\/uploads\/wiwanni-2022_ostgrat_web-768x692.jpg 768w\" sizes=\"(max-width: 777px) 100vw, 777px\">\t\t\t\t\t\t\t\t<\/a>\n\t\t\t\t\t\t\t\t\t\t\t\t\t\t\t<\/div>\n\t\t\t\t<\/div>\n\t\t\t\t<div class=\"elementor-element elementor-element-424a9653 elementor-widget elementor-widget-heading\" data-id=\"424a9653\" data-element_type=\"widget\" data-widget_type=\"heading.default\">\n\t\t\t\t<div class=\"elementor-widget-container\">\n\t\t\t\t\t<h4 class=\"elementor-heading-title elementor-size-default\">Ost\u00adgrat 5b (4c&nbsp;obl.)<\/h4>\t\t\t\t<\/div>\n\t\t\t\t<\/div>\n\t\t\t\t<div class=\"elementor-element elementor-element-89863c3 elementor-widget elementor-widget-wpml-language-switcher\" data-id=\"89863c3\" data-element_type=\"widget\" data-widget_type=\"wpml-language-switcher.default\">\n\t\t\t\t<div class=\"elementor-widget-container\">\n\t\t\t\t\t<div class=\"wpml-elementor-ls\"><p class=\"wpml-ls-statics-post_translations wpml-ls\">This post is also available in: \n    <span class=\"wpml-ls-slot-post_translations wpml-ls-item wpml-ls-item-de wpml-ls-first-item wpml-ls-item-legacy-post-translations\"><a href=\"https:\/\/www.wiwanni.ch\/\" class=\"wpml-ls-link\"><span class=\"wpml-ls-native\" lang=\"de\">Deutsch<\/span><\/a><\/span>    <span class=\"wpml-ls-slot-post_translations wpml-ls-item wpml-ls-item-fr wpml-ls-item-legacy-post-translations\"><a href=\"https:\/\/www.wiwanni.ch\/fr\/\" class=\"wpml-ls-link\"><span class=\"wpml-ls-native\" lang=\"fr\">Fran\u00ad\u00e7ais<\/span><\/a><\/span>    <span class=\"wpml-ls-slot-post_translations wpml-ls-item wpml-ls-item-it wpml-ls-last-item wpml-ls-item-legacy-post-translations\"><a href=\"https:\/\/www.wiwanni.ch\/it\/\" class=\"wpml-ls-link\"><span class=\"wpml-ls-native\" lang=\"it\">Ita\u00adlia\u00adno<\/span><\/a><\/span><\/p><\/div>\t\t\t\t<\/div>\n\t\t\t\t<\/div>\n\t\t\t\t<div class=\"elementor-element elementor-element-30e28dc9 elementor-widget elementor-widget-text-editor\" data-id=\"30e28dc9\" data-element_type=\"widget\" data-widget_type=\"text-editor.default\">\n\t\t\t\t<div class=\"elementor-widget-container\">\n\t\t\t\t\t\t\t\t\t<div><span style=\"color: #000000;\"><em>Rebec\u00adca Bisig, <\/em><em>Hans Z\u2019Brun, Egon Fel\u00adler&nbsp;2004.<\/em><\/span><\/div>\n<div><span style=\"color: #000000;\">The east ridge offers a beau\u00adtiful pan\u00ado\u00adr\u00adamic ascent to the Wiwan\u00adni\u00adhorn. It is the lon\u00adgest climb on the Wiwan\u00adni\u00adhorn with the 17 pit\u00adches. High abo\u00adve the Balt\u00adschie\u00adder Val\u00adley, it offers varied clim\u00adbing and is very well equip\u00adped. In the begin\u00adning, the\u00adre are some lichens, but the hig\u00adher you get, the more beau\u00adtiful the clim\u00adbing beco\u00admes. It\u2019s more a moun\u00adtain hike and block clim\u00adbing than an actu\u00adal sport clim\u00adbing rou\u00adte. The dif\u00adfi\u00adcult pit\u00adches rela\u00adte to some short indi\u00advi\u00addu\u00adal points in the first pitches.<\/span><br>\n<span style=\"color: #000000;\">The big edel\u00adweiss bou\u00adquets and a small larch tree at 2985 m are brea\u00adking records. After the 8th pitch, don\u2019t miss out on the crossing to the left to a sur\u00adpri\u00adsin\u00adgly nice&nbsp;crack.<\/span><br>\n<span style=\"color: #000000;\">In ear\u00adly sum\u00admer, the approach over the steep firn fields can be very tricky.<\/span><br>\n<span style=\"color: #000000;\">Des\u00adcent: Over the west ridge or sou\u00adthwest wall, Tritt\u00adji. Rap\u00adpel\u00adling over the east ridge is not recom\u00admen\u00added, becau\u00adse the rope can get caught in the bould\u00aders when pul\u00adling the&nbsp;rope.<\/span><br>\n<span style=\"color: #000000;\">Time: 4 \u2013 6 hours from the hut to the summit.<\/span><br>\n<span style=\"color: #000000;\">Equip\u00adment: 12 quick-draws, 50 meters rope and alpi\u00adne equip\u00adment depen\u00adding on the conditions.<\/span><\/div>\n<div><\/div>\n<div><span style=\"color: #000000;\"><em>Topo from the clim\u00adbing gui\u00adde Wiwan\u00adni&nbsp;2022<\/em><\/span><\/div>\n<p><span style=\"color: #000000;\"><em>&nbsp;<\/em><\/span><\/p>\n\t\t\t\t\t\t\t\t<\/div>\n\t\t\t\t<\/div>\n\t\t\t\t\t<\/div>\n\t\t<\/div>\n\t\t\t\t<div class=\"elementor-column elementor-col-50 elementor-top-column elementor-element elementor-element-388ff960\" data-id=\"388ff960\" data-element_type=\"column\" data-settings=\"{&quot;background_background&quot;:&quot;classic&quot;}\">\n\t\t\t<div class=\"elementor-widget-wrap elementor-element-populated\">\n\t\t\t\t\t\t<div class=\"elementor-element elementor-element-60ca7e17 elementor-align-left elementor-widget elementor-widget-button\" data-id=\"60ca7e17\" data-element_type=\"widget\" data-widget_type=\"button.default\">\n\t\t\t\t<div class=\"elementor-widget-container\">\n\t\t\t\t\t\t\t\t\t<div class=\"elementor-button-wrapper\">\n\t\t\t\t\t<a class=\"elementor-button elementor-button-link elementor-size-sm\" href=\"https:\/\/www.wiwanni.ch\/en\/climbing-areas\/\">\n\t\t\t\t\t\t<span class=\"elementor-button-content-wrapper\">\n\t\t\t\t\t\t<span class=\"elementor-button-icon\">\n\t\t\t\t<i aria-hidden=\"true\" class=\"fas fa-arrow-left\"><\/i>\t\t\t<\/span>\n\t\t\t\t\t\t\t\t\t<span class=\"elementor-button-text\">over\u00adview<\/span>\n\t\t\t\t\t<\/span>\n\t\t\t\t\t<\/a>\n\t\t\t\t<\/div>\n\t\t\t\t\t\t\t\t<\/div>\n\t\t\t\t<\/div>\n\t\t\t\t<div class=\"elementor-element elementor-element-3a159197 elementor-widget elementor-widget-heading\" data-id=\"3a159197\" data-element_type=\"widget\" data-widget_type=\"heading.default\">\n\t\t\t\t<div class=\"elementor-widget-container\">\n\t\t\t\t\t<h4 class=\"elementor-heading-title elementor-size-default\">Sec\u00adtors<\/h4>\t\t\t\t<\/div>\n\t\t\t\t<\/div>\n\t\t\t\t<div class=\"elementor-element elementor-element-74f5b0f9 elementor-nav-menu__align-start elementor-nav-menu--dropdown-none elementor-widget elementor-widget-nav-menu\" data-id=\"74f5b0f9\" data-element_type=\"widget\" data-settings=\"{&quot;layout&quot;:&quot;vertical&quot;,&quot;submenu_icon&quot;:{&quot;value&quot;:&quot;<i class=\\&quot;\\&quot;><\\\/i>&quot;,&quot;library&quot;:&quot;&quot;}}\" data-widget_type=\"nav-menu.default\">\n\t\t\t\t<div class=\"elementor-widget-container\">\n\t\t\t\t\t\t\t\t<nav aria-label=\"Menu\" class=\"elementor-nav-menu--main elementor-nav-menu__container elementor-nav-menu--layout-vertical e--pointer-background e--animation-fade\">\n\t\t\t\t<ul id=\"menu-1-74f5b0f9\" class=\"elementor-nav-menu sm-vertical\"><li class=\"menu-item menu-item-type-post_type menu-item-object-page menu-item-2151\"><a href=\"https:\/\/www.wiwanni.ch\/en\/huettensektor-unterbaerg\/\" class=\"elementor-item\">1 H\u00fct\u00adten\u00adsek\u00adtor Unterb\u00e4rg<\/a><\/li>\n<li class=\"menu-item menu-item-type-post_type menu-item-object-page menu-item-2187\"><a href=\"https:\/\/www.wiwanni.ch\/en\/unterer-klettergarten\/\" class=\"elementor-item\">2 Unte\u00adrer Klettergarten<\/a><\/li>\n<li class=\"menu-item menu-item-type-post_type menu-item-object-page menu-item-2218\"><a href=\"https:\/\/www.wiwanni.ch\/en\/oberer-klettergarten\/\" class=\"elementor-item\">3 Obe\u00adrer Klettergarten<\/a><\/li>\n<li class=\"menu-item menu-item-type-post_type menu-item-object-page menu-item-2240\"><a href=\"https:\/\/www.wiwanni.ch\/en\/klettergarten-wandfuss\/\" class=\"elementor-item\">4 Klet\u00adter\u00adgar\u00adten Wandfuss<\/a><\/li>\n<li class=\"menu-item menu-item-type-post_type menu-item-object-page menu-item-2265\"><a href=\"https:\/\/www.wiwanni.ch\/en\/schepfipfiler\/\" class=\"elementor-item\">5 Sche\u00adp\u00adfip\u00adfi\u00adler<\/a><\/li>\n<li class=\"menu-item menu-item-type-post_type menu-item-object-page menu-item-2283\"><a href=\"https:\/\/www.wiwanni.ch\/en\/klein-augstkummenhorn\/\" class=\"elementor-item\">6 Klein Augstkummenhorn<\/a><\/li>\n<li class=\"menu-item menu-item-type-post_type menu-item-object-page menu-item-2321\"><a href=\"https:\/\/www.wiwanni.ch\/en\/gross-augstkummenhorn\/\" class=\"elementor-item\">7 Gross Augstkummenhorn<\/a><\/li>\n<li class=\"menu-item menu-item-type-post_type menu-item-object-page menu-item-2683\"><a href=\"https:\/\/www.wiwanni.ch\/en\/wiwanni-suedwestwand\/\" class=\"elementor-item\">8 Wiwan\u00adni S\u00fcdwestwand<\/a><\/li>\n<li class=\"menu-item menu-item-type-post_type menu-item-object-page menu-item-2712\"><a href=\"https:\/\/www.wiwanni.ch\/en\/wiwanni-suedwand\/\" class=\"elementor-item\">9 Wiwan\u00adni S\u00fcdwand<\/a><\/li>\n<li class=\"menu-item menu-item-type-post_type menu-item-object-page menu-item-2739\"><a href=\"https:\/\/www.wiwanni.ch\/en\/wiwannihorn\/\" class=\"elementor-item\">10 Wiwan\u00adni\u00adhorn<\/a><\/li>\n<li class=\"menu-item menu-item-type-post_type menu-item-object-page menu-item-2480\"><a href=\"https:\/\/www.wiwanni.ch\/en\/ostgrat\/\" class=\"elementor-item\">11 Ost\u00adgrat<\/a><\/li>\n<li class=\"menu-item menu-item-type-post_type menu-item-object-page menu-item-2756\"><a href=\"https:\/\/www.wiwanni.ch\/en\/bru\/\" class=\"elementor-item\">12 Bru<\/a><\/li>\n<li class=\"menu-item menu-item-type-post_type menu-item-object-page menu-item-2386\"><a href=\"https:\/\/www.wiwanni.ch\/en\/chruetighorn\/\" class=\"elementor-item\">13 Chr\u00fc\u00adtig\u00adhorn<\/a><\/li>\n<li class=\"menu-item menu-item-type-post_type menu-item-object-page menu-item-2634\"><a href=\"https:\/\/www.wiwanni.ch\/en\/duebigrat\/\" class=\"elementor-item\">14 D\u00fcbi\u00adgrat<\/a><\/li>\n<li class=\"menu-item menu-item-type-post_type menu-item-object-page menu-item-2591\"><a href=\"https:\/\/www.wiwanni.ch\/en\/sattolwaeschi\/\" class=\"elementor-item\">15 Sat\u00adtol\u00adw\u00e4\u00adschi<\/a><\/li>\n<li class=\"menu-item menu-item-type-post_type menu-item-object-page menu-item-2353\"><a href=\"https:\/\/www.wiwanni.ch\/en\/bouldering-area-eggen\/\" class=\"elementor-item\">16 Bould\u00ade\u00adring area&nbsp;Eggen<\/a><\/li>\n<li class=\"menu-item menu-item-type-post_type menu-item-object-page menu-item-2567\"><a href=\"https:\/\/www.wiwanni.ch\/en\/klettergarten-wolfblatte-ausserberg\/\" class=\"elementor-item\">17 Klet\u00adter\u00adgar\u00adten Wolf\u00adblat\u00adte Ausserberg<\/a><\/li>\n<li class=\"menu-item menu-item-type-post_type menu-item-object-page menu-item-2374\"><a href=\"https:\/\/www.wiwanni.ch\/en\/chalchofo-paerueuelu\/\" class=\"elementor-item\">18 Chal\u00adcho\u00adfo \u2013 P\u00e4r\u00fc\u00fclu<\/a><\/li>\n<li class=\"menu-item menu-item-type-post_type menu-item-object-page menu-item-2825\"><a href=\"https:\/\/www.wiwanni.ch\/en\/ridge-traverses\/\" class=\"elementor-item\">Ridge tra\u00adver\u00adses<\/a><\/li>\n<li class=\"menu-item menu-item-type-post_type menu-item-object-page menu-item-3288\"><a href=\"https:\/\/www.wiwanni.ch\/en\/via-ferrata-baltschieder-valley\/\" class=\"elementor-item\">Via Fer\u00adra\u00adta Balt\u00adschie\u00adder valley<\/a><\/li>\n<\/ul>\t\t\t<\/nav>\n\t\t\t\t\t\t<nav class=\"elementor-nav-menu--dropdown elementor-nav-menu__container\" aria-hidden=\"true\">\n\t\t\t\t<ul id=\"menu-2-74f5b0f9\" class=\"elementor-nav-menu sm-vertical\"><li class=\"menu-item menu-item-type-post_type menu-item-object-page menu-item-2151\"><a href=\"https:\/\/www.wiwanni.ch\/en\/huettensektor-unterbaerg\/\" class=\"elementor-item\" tabindex=\"-1\">1 H\u00fct\u00adten\u00adsek\u00adtor Unterb\u00e4rg<\/a><\/li>\n<li class=\"menu-item menu-item-type-post_type menu-item-object-page menu-item-2187\"><a href=\"https:\/\/www.wiwanni.ch\/en\/unterer-klettergarten\/\" class=\"elementor-item\" tabindex=\"-1\">2 Unte\u00adrer Klettergarten<\/a><\/li>\n<li class=\"menu-item menu-item-type-post_type menu-item-object-page menu-item-2218\"><a href=\"https:\/\/www.wiwanni.ch\/en\/oberer-klettergarten\/\" class=\"elementor-item\" tabindex=\"-1\">3 Obe\u00adrer Klettergarten<\/a><\/li>\n<li class=\"menu-item menu-item-type-post_type menu-item-object-page menu-item-2240\"><a href=\"https:\/\/www.wiwanni.ch\/en\/klettergarten-wandfuss\/\" class=\"elementor-item\" tabindex=\"-1\">4 Klet\u00adter\u00adgar\u00adten Wandfuss<\/a><\/li>\n<li class=\"menu-item menu-item-type-post_type menu-item-object-page menu-item-2265\"><a href=\"https:\/\/www.wiwanni.ch\/en\/schepfipfiler\/\" class=\"elementor-item\" tabindex=\"-1\">5 Sche\u00adp\u00adfip\u00adfi\u00adler<\/a><\/li>\n<li class=\"menu-item menu-item-type-post_type menu-item-object-page menu-item-2283\"><a href=\"https:\/\/www.wiwanni.ch\/en\/klein-augstkummenhorn\/\" class=\"elementor-item\" tabindex=\"-1\">6 Klein Augstkummenhorn<\/a><\/li>\n<li class=\"menu-item menu-item-type-post_type menu-item-object-page menu-item-2321\"><a href=\"https:\/\/www.wiwanni.ch\/en\/gross-augstkummenhorn\/\" class=\"elementor-item\" tabindex=\"-1\">7 Gross Augstkummenhorn<\/a><\/li>\n<li class=\"menu-item menu-item-type-post_type menu-item-object-page menu-item-2683\"><a href=\"https:\/\/www.wiwanni.ch\/en\/wiwanni-suedwestwand\/\" class=\"elementor-item\" tabindex=\"-1\">8 Wiwan\u00adni S\u00fcdwestwand<\/a><\/li>\n<li class=\"menu-item menu-item-type-post_type menu-item-object-page menu-item-2712\"><a href=\"https:\/\/www.wiwanni.ch\/en\/wiwanni-suedwand\/\" class=\"elementor-item\" tabindex=\"-1\">9 Wiwan\u00adni S\u00fcdwand<\/a><\/li>\n<li class=\"menu-item menu-item-type-post_type menu-item-object-page menu-item-2739\"><a href=\"https:\/\/www.wiwanni.ch\/en\/wiwannihorn\/\" class=\"elementor-item\" tabindex=\"-1\">10 Wiwan\u00adni\u00adhorn<\/a><\/li>\n<li class=\"menu-item menu-item-type-post_type menu-item-object-page menu-item-2480\"><a href=\"https:\/\/www.wiwanni.ch\/en\/ostgrat\/\" class=\"elementor-item\" tabindex=\"-1\">11 Ost\u00adgrat<\/a><\/li>\n<li class=\"menu-item menu-item-type-post_type menu-item-object-page menu-item-2756\"><a href=\"https:\/\/www.wiwanni.ch\/en\/bru\/\" class=\"elementor-item\" tabindex=\"-1\">12 Bru<\/a><\/li>\n<li class=\"menu-item menu-item-type-post_type menu-item-object-page menu-item-2386\"><a href=\"https:\/\/www.wiwanni.ch\/en\/chruetighorn\/\" class=\"elementor-item\" tabindex=\"-1\">13 Chr\u00fc\u00adtig\u00adhorn<\/a><\/li>\n<li class=\"menu-item menu-item-type-post_type menu-item-object-page menu-item-2634\"><a href=\"https:\/\/www.wiwanni.ch\/en\/duebigrat\/\" class=\"elementor-item\" tabindex=\"-1\">14 D\u00fcbi\u00adgrat<\/a><\/li>\n<li class=\"menu-item menu-item-type-post_type menu-item-object-page menu-item-2591\"><a href=\"https:\/\/www.wiwanni.ch\/en\/sattolwaeschi\/\" class=\"elementor-item\" tabindex=\"-1\">15 Sat\u00adtol\u00adw\u00e4\u00adschi<\/a><\/li>\n<li class=\"menu-item menu-item-type-post_type menu-item-object-page menu-item-2353\"><a href=\"https:\/\/www.wiwanni.ch\/en\/bouldering-area-eggen\/\" class=\"elementor-item\" tabindex=\"-1\">16 Bould\u00ade\u00adring area&nbsp;Eggen<\/a><\/li>\n<li class=\"menu-item menu-item-type-post_type menu-item-object-page menu-item-2567\"><a href=\"https:\/\/www.wiwanni.ch\/en\/klettergarten-wolfblatte-ausserberg\/\" class=\"elementor-item\" tabindex=\"-1\">17 Klet\u00adter\u00adgar\u00adten Wolf\u00adblat\u00adte Ausserberg<\/a><\/li>\n<li class=\"menu-item menu-item-type-post_type menu-item-object-page menu-item-2374\"><a href=\"https:\/\/www.wiwanni.ch\/en\/chalchofo-paerueuelu\/\" class=\"elementor-item\" tabindex=\"-1\">18 Chal\u00adcho\u00adfo \u2013 P\u00e4r\u00fc\u00fclu<\/a><\/li>\n<li class=\"menu-item menu-item-type-post_type menu-item-object-page menu-item-2825\"><a href=\"https:\/\/www.wiwanni.ch\/en\/ridge-traverses\/\" class=\"elementor-item\" tabindex=\"-1\">Ridge tra\u00adver\u00adses<\/a><\/li>\n<li class=\"menu-item menu-item-type-post_type menu-item-object-page menu-item-3288\"><a href=\"https:\/\/www.wiwanni.ch\/en\/via-ferrata-baltschieder-valley\/\" class=\"elementor-item\" tabindex=\"-1\">Via Fer\u00adra\u00adta Balt\u00adschie\u00adder valley<\/a><\/li>\n<\/ul>\t\t\t<\/nav>\n\t\t\t\t\t\t<\/div>\n\t\t\t\t<\/div>\n\t\t\t\t\t<\/div>\n\t\t<\/div>\n\t\t\t\t\t<\/div>\n\t\t<\/section>\n\t\t\t\t<\/div>\n\t\t","protected":false},"excerpt":{"rendered":"<p>Ost\u00adgrat 5b (4c&nbsp;obl.) This post is also available in: Eng\u00adlish Fran\u00ad\u00e7ais Ita\u00adlia\u00adno Rebec\u00adca Bisig, Hans Z\u2019Brun, Egon Fel\u00adler&nbsp;2004. The east ridge offers a beau\u00adtiful pan\u00ado\u00adr\u00adamic ascent to the Wiwan\u00adni\u00adhorn. It is the lon\u00adgest climb on the Wiwan\u00adni\u00adhorn with the 17 pit\u00adches. High abo\u00adve the Balt\u00adschie\u00adder Val\u00adley, it offers varied clim\u00adbing and is very well equip\u00adped. In the begin\u00adning, the\u00adre are some lichens, but the hig\u00adher you get, the more beau\u00adtiful the clim\u00adbing beco\u00admes. It\u2019s more a moun\u00adtain hike and block clim\u00adbing than an actu\u00adal sport clim\u00adbing rou\u00adte. The dif\u00adfi\u00adcult pit\u00adches rela\u00adte to some short indi\u00advi\u00addu\u00adal points in the first pitches.&nbsp;[\u2026]<\/p>\n","protected":false},"author":4,"featured_media":0,"parent":0,"menu_order":0,"comment_status":"closed","ping_status":"closed","template":"","meta":{"wp_typography_post_enhancements_disabled":false,"footnotes":""},"class_list":["post-2462","page","type-page","status-publish","hentry","wpbf-post"],"_links":{"self":[{"href":"https:\/\/www.wiwanni.ch\/en\/wp-json\/wp\/v2\/pages\/2462","targetHints":{"allow":["GET"]}}],"collection":[{"href":"https:\/\/www.wiwanni.ch\/en\/wp-json\/wp\/v2\/pages"}],"about":[{"href":"https:\/\/www.wiwanni.ch\/en\/wp-json\/wp\/v2\/types\/page"}],"author":[{"embeddable":true,"href":"https:\/\/www.wiwanni.ch\/en\/wp-json\/wp\/v2\/users\/4"}],"replies":[{"embeddable":true,"href":"https:\/\/www.wiwanni.ch\/en\/wp-json\/wp\/v2\/comments?post=2462"}],"version-history":[{"count":9,"href":"https:\/\/www.wiwanni.ch\/en\/wp-json\/wp\/v2\/pages\/2462\/revisions"}],"predecessor-version":[{"id":4853,"href":"https:\/\/www.wiwanni.ch\/en\/wp-json\/wp\/v2\/pages\/2462\/revisions\/4853"}],"wp:attachment":[{"href":"https:\/\/www.wiwanni.ch\/en\/wp-json\/wp\/v2\/media?parent=2462"}],"curies":[{"name":"wp","href":"https:\/\/api.w.org\/{rel}","templated":true}]}}