{"id":2196,"date":"2020-06-01T10:29:47","date_gmt":"2020-06-01T10:29:47","guid":{"rendered":"http:\/\/wl1www392.webland.ch\/wordpress\/wiwanni\/oberer-klettergarten\/"},"modified":"2024-03-16T03:28:22","modified_gmt":"2024-03-16T01:28:22","slug":"oberer-klettergarten","status":"publish","type":"page","link":"https:\/\/www.wiwanni.ch\/en\/oberer-klettergarten\/","title":{"rendered":"Obe\u00adrer Klettergarten"},"content":{"rendered":"\t\t<div data-elementor-type=\"wp-page\" data-elementor-id=\"2196\" class=\"elementor elementor-2196 elementor-549\" data-elementor-post-type=\"page\">\n\t\t\t\t\t\t<section class=\"elementor-section elementor-top-section elementor-element elementor-element-2e43cc34 elementor-section-boxed elementor-section-height-default elementor-section-height-default\" data-id=\"2e43cc34\" data-element_type=\"section\" data-settings=\"{&quot;background_background&quot;:&quot;classic&quot;}\">\n\t\t\t\t\t\t<div class=\"elementor-container elementor-column-gap-no\">\n\t\t\t\t\t<div class=\"elementor-column elementor-col-50 elementor-top-column elementor-element elementor-element-61499\" data-id=\"61499\" data-element_type=\"column\" data-settings=\"{&quot;background_background&quot;:&quot;classic&quot;}\">\n\t\t\t<div class=\"elementor-widget-wrap elementor-element-populated\">\n\t\t\t\t\t\t<div class=\"elementor-element elementor-element-6c93469f elementor-widget elementor-widget-image\" data-id=\"6c93469f\" data-element_type=\"widget\" data-widget_type=\"image.default\">\n\t\t\t\t<div class=\"elementor-widget-container\">\n\t\t\t\t\t\t\t\t\t\t\t\t\t\t\t\t<a href=\"https:\/\/www.wiwanni.ch\/wp-content\/uploads\/wiwanni-2022_topo-oberer-klettergarten_web.jpg\" data-elementor-open-lightbox=\"yes\" data-e-action-hash=\"#elementor-action%3Aaction%3Dlightbox%26settings%3DeyJpZCI6NDY5OSwidXJsIjoiaHR0cHM6XC9cL3d3dy53aXdhbm5pLmNoXC93cC1jb250ZW50XC91cGxvYWRzXC93aXdhbm5pLTIwMjJfdG9wby1vYmVyZXIta2xldHRlcmdhcnRlbl93ZWIuanBnIn0%3D\">\n\t\t\t\t\t\t\t<img fetchpriority=\"high\" decoding=\"async\" width=\"1000\" height=\"700\" src=\"https:\/\/www.wiwanni.ch\/wp-content\/uploads\/wiwanni-2022_topo-oberer-klettergarten_web.jpg\" class=\"attachment-large size-large wp-image-4699\" alt srcset=\"https:\/\/www.wiwanni.ch\/wp-content\/uploads\/wiwanni-2022_topo-oberer-klettergarten_web.jpg 1000w, https:\/\/www.wiwanni.ch\/wp-content\/uploads\/wiwanni-2022_topo-oberer-klettergarten_web-300x210.jpg 300w, https:\/\/www.wiwanni.ch\/wp-content\/uploads\/wiwanni-2022_topo-oberer-klettergarten_web-768x538.jpg 768w, https:\/\/www.wiwanni.ch\/wp-content\/uploads\/wiwanni-2022_topo-oberer-klettergarten_web-800x560.jpg 800w\" sizes=\"(max-width: 1000px) 100vw, 1000px\">\t\t\t\t\t\t\t\t<\/a>\n\t\t\t\t\t\t\t\t\t\t\t\t\t\t\t<\/div>\n\t\t\t\t<\/div>\n\t\t\t\t<div class=\"elementor-element elementor-element-76433c96 elementor-widget elementor-widget-heading\" data-id=\"76433c96\" data-element_type=\"widget\" data-widget_type=\"heading.default\">\n\t\t\t\t<div class=\"elementor-widget-container\">\n\t\t\t\t\t<h4 class=\"elementor-heading-title elementor-size-default\">Obe\u00adrer Klettergarten<\/h4>\t\t\t\t<\/div>\n\t\t\t\t<\/div>\n\t\t\t\t<div class=\"elementor-element elementor-element-a36bcce elementor-widget elementor-widget-wpml-language-switcher\" data-id=\"a36bcce\" data-element_type=\"widget\" data-widget_type=\"wpml-language-switcher.default\">\n\t\t\t\t<div class=\"elementor-widget-container\">\n\t\t\t\t\t<div class=\"wpml-elementor-ls\"><p class=\"wpml-ls-statics-post_translations wpml-ls\">This post is also available in: \n    <span class=\"wpml-ls-slot-post_translations wpml-ls-item wpml-ls-item-de wpml-ls-first-item wpml-ls-item-legacy-post-translations\"><a href=\"https:\/\/www.wiwanni.ch\/\" class=\"wpml-ls-link\"><span class=\"wpml-ls-native\" lang=\"de\">Deutsch<\/span><\/a><\/span>    <span class=\"wpml-ls-slot-post_translations wpml-ls-item wpml-ls-item-fr wpml-ls-item-legacy-post-translations\"><a href=\"https:\/\/www.wiwanni.ch\/fr\/\" class=\"wpml-ls-link\"><span class=\"wpml-ls-native\" lang=\"fr\">Fran\u00ad\u00e7ais<\/span><\/a><\/span>    <span class=\"wpml-ls-slot-post_translations wpml-ls-item wpml-ls-item-it wpml-ls-last-item wpml-ls-item-legacy-post-translations\"><a href=\"https:\/\/www.wiwanni.ch\/it\/\" class=\"wpml-ls-link\"><span class=\"wpml-ls-native\" lang=\"it\">Ita\u00adlia\u00adno<\/span><\/a><\/span><\/p><\/div>\t\t\t\t<\/div>\n\t\t\t\t<\/div>\n\t\t\t\t<div class=\"elementor-element elementor-element-1d9ff86 elementor-widget elementor-widget-text-editor\" data-id=\"1d9ff86\" data-element_type=\"widget\" data-widget_type=\"text-editor.default\">\n\t\t\t\t<div class=\"elementor-widget-container\">\n\t\t\t\t\t\t\t\t\t<p>A bit fur\u00adther up from the hut, you will find the upper clim\u00adbing gar\u00adden, which has main\u00adly slabs and ledge clim\u00adbing on fan\u00adta\u00adstic and well-struc\u00adtu\u00adred rock. This clim\u00adbing gar\u00adden was rebol\u00adtet in 2010 and is high\u00adly recom\u00admen\u00added. Be careful when the\u00adre are ibex or sheep abo\u00adve the clim\u00adbing area. The\u00adse could throw down stones. In ear\u00adly sum\u00admer, the ent\u00adran\u00adces are usual\u00adly still in the snow and so this clim\u00adbing gar\u00adden is usual\u00adly only recom\u00admen\u00added from mid-July onwards.<br>\n<em>Franz-Xaver Leig\u00adge\u00adner, Hele\u00adne Leh\u00adner, Ama\u00addee Schmid, Rinal\u00addo Bor\u00adra, Mein\u00adrad Bit\u00adtel und Egon Fel\u00adler. Rebol\u00adtet in 2010 by Ueli Vetsch. SL = 25\u2009m<\/em><\/p>\n\t\t\t\t\t\t\t\t<\/div>\n\t\t\t\t<\/div>\n\t\t\t\t<div class=\"elementor-element elementor-element-d44823c elementor-widget elementor-widget-text-editor\" data-id=\"d44823c\" data-element_type=\"widget\" data-widget_type=\"text-editor.default\">\n\t\t\t\t<div class=\"elementor-widget-container\">\n\t\t\t\t\t\t\t\t\t<p><em>Topo from the clim\u00adbing gui\u00adde Wiwan\u00adni&nbsp;2022<\/em><\/p>\n\t\t\t\t\t\t\t\t<\/div>\n\t\t\t\t<\/div>\n\t\t\t\t\t<\/div>\n\t\t<\/div>\n\t\t\t\t<div class=\"elementor-column elementor-col-50 elementor-top-column elementor-element elementor-element-5fb5889b\" data-id=\"5fb5889b\" data-element_type=\"column\" data-settings=\"{&quot;background_background&quot;:&quot;classic&quot;}\">\n\t\t\t<div class=\"elementor-widget-wrap elementor-element-populated\">\n\t\t\t\t\t\t<div class=\"elementor-element elementor-element-411ff57a elementor-align-left elementor-widget elementor-widget-button\" data-id=\"411ff57a\" data-element_type=\"widget\" data-widget_type=\"button.default\">\n\t\t\t\t<div class=\"elementor-widget-container\">\n\t\t\t\t\t\t\t\t\t<div class=\"elementor-button-wrapper\">\n\t\t\t\t\t<a class=\"elementor-button elementor-button-link elementor-size-sm\" href=\"https:\/\/www.wiwanni.ch\/en\/climbing-areas\/\">\n\t\t\t\t\t\t<span class=\"elementor-button-content-wrapper\">\n\t\t\t\t\t\t<span class=\"elementor-button-icon\">\n\t\t\t\t<i aria-hidden=\"true\" class=\"fas fa-arrow-left\"><\/i>\t\t\t<\/span>\n\t\t\t\t\t\t\t\t\t<span class=\"elementor-button-text\">over\u00adview<\/span>\n\t\t\t\t\t<\/span>\n\t\t\t\t\t<\/a>\n\t\t\t\t<\/div>\n\t\t\t\t\t\t\t\t<\/div>\n\t\t\t\t<\/div>\n\t\t\t\t<div class=\"elementor-element elementor-element-3ee19439 elementor-widget elementor-widget-heading\" data-id=\"3ee19439\" data-element_type=\"widget\" data-widget_type=\"heading.default\">\n\t\t\t\t<div class=\"elementor-widget-container\">\n\t\t\t\t\t<h4 class=\"elementor-heading-title elementor-size-default\">Sec\u00adtors<\/h4>\t\t\t\t<\/div>\n\t\t\t\t<\/div>\n\t\t\t\t<div class=\"elementor-element elementor-element-40a545ea elementor-nav-menu__align-start elementor-nav-menu--dropdown-none elementor-widget elementor-widget-nav-menu\" data-id=\"40a545ea\" data-element_type=\"widget\" data-settings=\"{&quot;layout&quot;:&quot;vertical&quot;,&quot;submenu_icon&quot;:{&quot;value&quot;:&quot;<i class=\\&quot;\\&quot;><\\\/i>&quot;,&quot;library&quot;:&quot;&quot;}}\" data-widget_type=\"nav-menu.default\">\n\t\t\t\t<div class=\"elementor-widget-container\">\n\t\t\t\t\t\t\t\t<nav aria-label=\"Menu\" class=\"elementor-nav-menu--main elementor-nav-menu__container elementor-nav-menu--layout-vertical e--pointer-background e--animation-fade\">\n\t\t\t\t<ul id=\"menu-1-40a545ea\" class=\"elementor-nav-menu sm-vertical\"><li class=\"menu-item menu-item-type-post_type menu-item-object-page menu-item-2151\"><a href=\"https:\/\/www.wiwanni.ch\/en\/huettensektor-unterbaerg\/\" class=\"elementor-item\">1 H\u00fct\u00adten\u00adsek\u00adtor Unterb\u00e4rg<\/a><\/li>\n<li class=\"menu-item menu-item-type-post_type menu-item-object-page menu-item-2187\"><a href=\"https:\/\/www.wiwanni.ch\/en\/unterer-klettergarten\/\" class=\"elementor-item\">2 Unte\u00adrer Klettergarten<\/a><\/li>\n<li class=\"menu-item menu-item-type-post_type menu-item-object-page menu-item-2218\"><a href=\"https:\/\/www.wiwanni.ch\/en\/oberer-klettergarten\/\" class=\"elementor-item\">3 Obe\u00adrer Klettergarten<\/a><\/li>\n<li class=\"menu-item menu-item-type-post_type menu-item-object-page menu-item-2240\"><a href=\"https:\/\/www.wiwanni.ch\/en\/klettergarten-wandfuss\/\" class=\"elementor-item\">4 Klet\u00adter\u00adgar\u00adten Wandfuss<\/a><\/li>\n<li class=\"menu-item menu-item-type-post_type menu-item-object-page menu-item-2265\"><a href=\"https:\/\/www.wiwanni.ch\/en\/schepfipfiler\/\" class=\"elementor-item\">5 Sche\u00adp\u00adfip\u00adfi\u00adler<\/a><\/li>\n<li class=\"menu-item menu-item-type-post_type menu-item-object-page menu-item-2283\"><a href=\"https:\/\/www.wiwanni.ch\/en\/klein-augstkummenhorn\/\" class=\"elementor-item\">6 Klein Augstkummenhorn<\/a><\/li>\n<li class=\"menu-item menu-item-type-post_type menu-item-object-page menu-item-2321\"><a href=\"https:\/\/www.wiwanni.ch\/en\/gross-augstkummenhorn\/\" class=\"elementor-item\">7 Gross Augstkummenhorn<\/a><\/li>\n<li class=\"menu-item menu-item-type-post_type menu-item-object-page menu-item-2683\"><a href=\"https:\/\/www.wiwanni.ch\/en\/wiwanni-suedwestwand\/\" class=\"elementor-item\">8 Wiwan\u00adni S\u00fcdwestwand<\/a><\/li>\n<li class=\"menu-item menu-item-type-post_type menu-item-object-page menu-item-2712\"><a href=\"https:\/\/www.wiwanni.ch\/en\/wiwanni-suedwand\/\" class=\"elementor-item\">9 Wiwan\u00adni S\u00fcdwand<\/a><\/li>\n<li class=\"menu-item menu-item-type-post_type menu-item-object-page menu-item-2739\"><a href=\"https:\/\/www.wiwanni.ch\/en\/wiwannihorn\/\" class=\"elementor-item\">10 Wiwan\u00adni\u00adhorn<\/a><\/li>\n<li class=\"menu-item menu-item-type-post_type menu-item-object-page menu-item-2480\"><a href=\"https:\/\/www.wiwanni.ch\/en\/ostgrat\/\" class=\"elementor-item\">11 Ost\u00adgrat<\/a><\/li>\n<li class=\"menu-item menu-item-type-post_type menu-item-object-page menu-item-2756\"><a href=\"https:\/\/www.wiwanni.ch\/en\/bru\/\" class=\"elementor-item\">12 Bru<\/a><\/li>\n<li class=\"menu-item menu-item-type-post_type menu-item-object-page menu-item-2386\"><a href=\"https:\/\/www.wiwanni.ch\/en\/chruetighorn\/\" class=\"elementor-item\">13 Chr\u00fc\u00adtig\u00adhorn<\/a><\/li>\n<li class=\"menu-item menu-item-type-post_type menu-item-object-page menu-item-2634\"><a href=\"https:\/\/www.wiwanni.ch\/en\/duebigrat\/\" class=\"elementor-item\">14 D\u00fcbi\u00adgrat<\/a><\/li>\n<li class=\"menu-item menu-item-type-post_type menu-item-object-page menu-item-2591\"><a href=\"https:\/\/www.wiwanni.ch\/en\/sattolwaeschi\/\" class=\"elementor-item\">15 Sat\u00adtol\u00adw\u00e4\u00adschi<\/a><\/li>\n<li class=\"menu-item menu-item-type-post_type menu-item-object-page menu-item-2353\"><a href=\"https:\/\/www.wiwanni.ch\/en\/bouldering-area-eggen\/\" class=\"elementor-item\">16 Bould\u00ade\u00adring area&nbsp;Eggen<\/a><\/li>\n<li class=\"menu-item menu-item-type-post_type menu-item-object-page menu-item-2567\"><a href=\"https:\/\/www.wiwanni.ch\/en\/klettergarten-wolfblatte-ausserberg\/\" class=\"elementor-item\">17 Klet\u00adter\u00adgar\u00adten Wolf\u00adblat\u00adte Ausserberg<\/a><\/li>\n<li class=\"menu-item menu-item-type-post_type menu-item-object-page menu-item-2374\"><a href=\"https:\/\/www.wiwanni.ch\/en\/chalchofo-paerueuelu\/\" class=\"elementor-item\">18 Chal\u00adcho\u00adfo \u2013 P\u00e4r\u00fc\u00fclu<\/a><\/li>\n<li class=\"menu-item menu-item-type-post_type menu-item-object-page menu-item-2825\"><a href=\"https:\/\/www.wiwanni.ch\/en\/ridge-traverses\/\" class=\"elementor-item\">Ridge tra\u00adver\u00adses<\/a><\/li>\n<li class=\"menu-item menu-item-type-post_type menu-item-object-page menu-item-3288\"><a href=\"https:\/\/www.wiwanni.ch\/en\/via-ferrata-baltschieder-valley\/\" class=\"elementor-item\">Via Fer\u00adra\u00adta Balt\u00adschie\u00adder valley<\/a><\/li>\n<\/ul>\t\t\t<\/nav>\n\t\t\t\t\t\t<nav class=\"elementor-nav-menu--dropdown elementor-nav-menu__container\" aria-hidden=\"true\">\n\t\t\t\t<ul id=\"menu-2-40a545ea\" class=\"elementor-nav-menu sm-vertical\"><li class=\"menu-item menu-item-type-post_type menu-item-object-page menu-item-2151\"><a href=\"https:\/\/www.wiwanni.ch\/en\/huettensektor-unterbaerg\/\" class=\"elementor-item\" tabindex=\"-1\">1 H\u00fct\u00adten\u00adsek\u00adtor Unterb\u00e4rg<\/a><\/li>\n<li class=\"menu-item menu-item-type-post_type menu-item-object-page menu-item-2187\"><a href=\"https:\/\/www.wiwanni.ch\/en\/unterer-klettergarten\/\" class=\"elementor-item\" tabindex=\"-1\">2 Unte\u00adrer Klettergarten<\/a><\/li>\n<li class=\"menu-item menu-item-type-post_type menu-item-object-page menu-item-2218\"><a href=\"https:\/\/www.wiwanni.ch\/en\/oberer-klettergarten\/\" class=\"elementor-item\" tabindex=\"-1\">3 Obe\u00adrer Klettergarten<\/a><\/li>\n<li class=\"menu-item menu-item-type-post_type menu-item-object-page menu-item-2240\"><a href=\"https:\/\/www.wiwanni.ch\/en\/klettergarten-wandfuss\/\" class=\"elementor-item\" tabindex=\"-1\">4 Klet\u00adter\u00adgar\u00adten Wandfuss<\/a><\/li>\n<li class=\"menu-item menu-item-type-post_type menu-item-object-page menu-item-2265\"><a href=\"https:\/\/www.wiwanni.ch\/en\/schepfipfiler\/\" class=\"elementor-item\" tabindex=\"-1\">5 Sche\u00adp\u00adfip\u00adfi\u00adler<\/a><\/li>\n<li class=\"menu-item menu-item-type-post_type menu-item-object-page menu-item-2283\"><a href=\"https:\/\/www.wiwanni.ch\/en\/klein-augstkummenhorn\/\" class=\"elementor-item\" tabindex=\"-1\">6 Klein Augstkummenhorn<\/a><\/li>\n<li class=\"menu-item menu-item-type-post_type menu-item-object-page menu-item-2321\"><a href=\"https:\/\/www.wiwanni.ch\/en\/gross-augstkummenhorn\/\" class=\"elementor-item\" tabindex=\"-1\">7 Gross Augstkummenhorn<\/a><\/li>\n<li class=\"menu-item menu-item-type-post_type menu-item-object-page menu-item-2683\"><a href=\"https:\/\/www.wiwanni.ch\/en\/wiwanni-suedwestwand\/\" class=\"elementor-item\" tabindex=\"-1\">8 Wiwan\u00adni S\u00fcdwestwand<\/a><\/li>\n<li class=\"menu-item menu-item-type-post_type menu-item-object-page menu-item-2712\"><a href=\"https:\/\/www.wiwanni.ch\/en\/wiwanni-suedwand\/\" class=\"elementor-item\" tabindex=\"-1\">9 Wiwan\u00adni S\u00fcdwand<\/a><\/li>\n<li class=\"menu-item menu-item-type-post_type menu-item-object-page menu-item-2739\"><a href=\"https:\/\/www.wiwanni.ch\/en\/wiwannihorn\/\" class=\"elementor-item\" tabindex=\"-1\">10 Wiwan\u00adni\u00adhorn<\/a><\/li>\n<li class=\"menu-item menu-item-type-post_type menu-item-object-page menu-item-2480\"><a href=\"https:\/\/www.wiwanni.ch\/en\/ostgrat\/\" class=\"elementor-item\" tabindex=\"-1\">11 Ost\u00adgrat<\/a><\/li>\n<li class=\"menu-item menu-item-type-post_type menu-item-object-page menu-item-2756\"><a href=\"https:\/\/www.wiwanni.ch\/en\/bru\/\" class=\"elementor-item\" tabindex=\"-1\">12 Bru<\/a><\/li>\n<li class=\"menu-item menu-item-type-post_type menu-item-object-page menu-item-2386\"><a href=\"https:\/\/www.wiwanni.ch\/en\/chruetighorn\/\" class=\"elementor-item\" tabindex=\"-1\">13 Chr\u00fc\u00adtig\u00adhorn<\/a><\/li>\n<li class=\"menu-item menu-item-type-post_type menu-item-object-page menu-item-2634\"><a href=\"https:\/\/www.wiwanni.ch\/en\/duebigrat\/\" class=\"elementor-item\" tabindex=\"-1\">14 D\u00fcbi\u00adgrat<\/a><\/li>\n<li class=\"menu-item menu-item-type-post_type menu-item-object-page menu-item-2591\"><a href=\"https:\/\/www.wiwanni.ch\/en\/sattolwaeschi\/\" class=\"elementor-item\" tabindex=\"-1\">15 Sat\u00adtol\u00adw\u00e4\u00adschi<\/a><\/li>\n<li class=\"menu-item menu-item-type-post_type menu-item-object-page menu-item-2353\"><a href=\"https:\/\/www.wiwanni.ch\/en\/bouldering-area-eggen\/\" class=\"elementor-item\" tabindex=\"-1\">16 Bould\u00ade\u00adring area&nbsp;Eggen<\/a><\/li>\n<li class=\"menu-item menu-item-type-post_type menu-item-object-page menu-item-2567\"><a href=\"https:\/\/www.wiwanni.ch\/en\/klettergarten-wolfblatte-ausserberg\/\" class=\"elementor-item\" tabindex=\"-1\">17 Klet\u00adter\u00adgar\u00adten Wolf\u00adblat\u00adte Ausserberg<\/a><\/li>\n<li class=\"menu-item menu-item-type-post_type menu-item-object-page menu-item-2374\"><a href=\"https:\/\/www.wiwanni.ch\/en\/chalchofo-paerueuelu\/\" class=\"elementor-item\" tabindex=\"-1\">18 Chal\u00adcho\u00adfo \u2013 P\u00e4r\u00fc\u00fclu<\/a><\/li>\n<li class=\"menu-item menu-item-type-post_type menu-item-object-page menu-item-2825\"><a href=\"https:\/\/www.wiwanni.ch\/en\/ridge-traverses\/\" class=\"elementor-item\" tabindex=\"-1\">Ridge tra\u00adver\u00adses<\/a><\/li>\n<li class=\"menu-item menu-item-type-post_type menu-item-object-page menu-item-3288\"><a href=\"https:\/\/www.wiwanni.ch\/en\/via-ferrata-baltschieder-valley\/\" class=\"elementor-item\" tabindex=\"-1\">Via Fer\u00adra\u00adta Balt\u00adschie\u00adder valley<\/a><\/li>\n<\/ul>\t\t\t<\/nav>\n\t\t\t\t\t\t<\/div>\n\t\t\t\t<\/div>\n\t\t\t\t\t<\/div>\n\t\t<\/div>\n\t\t\t\t\t<\/div>\n\t\t<\/section>\n\t\t\t\t<\/div>\n\t\t","protected":false},"excerpt":{"rendered":"<p>Obe\u00adrer Klet\u00adter\u00adgar\u00adten This post is also available in: Eng\u00adlish Fran\u00ad\u00e7ais Ita\u00adlia\u00adno A bit fur\u00adther up from the hut, you will find the upper clim\u00adbing gar\u00adden, which has main\u00adly slabs and ledge clim\u00adbing on fan\u00adta\u00adstic and well-struc\u00ad\u00adtu\u00ad\u00adred rock. This clim\u00adbing gar\u00adden was rebol\u00adtet in 2010 and is high\u00adly recom\u00admen\u00added. Be careful when the\u00adre are ibex or sheep abo\u00adve the clim\u00adbing area. The\u00adse could throw down stones. In ear\u00adly sum\u00admer, the ent\u00adran\u00adces are usual\u00adly still in the snow and so this clim\u00adbing gar\u00adden is usual\u00adly only recom\u00admen\u00added from mid-July onwards. Franz-Xaver Leig\u00adge\u00adner, Hele\u00adne Leh\u00adner, Ama\u00addee Schmid, Rinal\u00addo Bor\u00adra, Mein\u00adrad Bit\u00adtel und&nbsp;Egon&nbsp;[\u2026]<\/p>\n","protected":false},"author":4,"featured_media":0,"parent":0,"menu_order":0,"comment_status":"closed","ping_status":"closed","template":"","meta":{"wp_typography_post_enhancements_disabled":false,"footnotes":""},"class_list":["post-2196","page","type-page","status-publish","hentry","wpbf-post"],"_links":{"self":[{"href":"https:\/\/www.wiwanni.ch\/en\/wp-json\/wp\/v2\/pages\/2196","targetHints":{"allow":["GET"]}}],"collection":[{"href":"https:\/\/www.wiwanni.ch\/en\/wp-json\/wp\/v2\/pages"}],"about":[{"href":"https:\/\/www.wiwanni.ch\/en\/wp-json\/wp\/v2\/types\/page"}],"author":[{"embeddable":true,"href":"https:\/\/www.wiwanni.ch\/en\/wp-json\/wp\/v2\/users\/4"}],"replies":[{"embeddable":true,"href":"https:\/\/www.wiwanni.ch\/en\/wp-json\/wp\/v2\/comments?post=2196"}],"version-history":[{"count":11,"href":"https:\/\/www.wiwanni.ch\/en\/wp-json\/wp\/v2\/pages\/2196\/revisions"}],"predecessor-version":[{"id":4801,"href":"https:\/\/www.wiwanni.ch\/en\/wp-json\/wp\/v2\/pages\/2196\/revisions\/4801"}],"wp:attachment":[{"href":"https:\/\/www.wiwanni.ch\/en\/wp-json\/wp\/v2\/media?parent=2196"}],"curies":[{"name":"wp","href":"https:\/\/api.w.org\/{rel}","templated":true}]}}